{"id":480,"date":"2018-05-07T09:14:57","date_gmt":"2018-05-07T13:14:57","guid":{"rendered":"https:\/\/exparl.ca\/past-issues\/"},"modified":"2020-01-16T15:19:40","modified_gmt":"2020-01-16T20:19:40","slug":"editions-precedentes","status":"publish","type":"page","link":"https:\/\/exparl.ca\/fr\/editions-precedentes\/","title":{"rendered":"Editions pr\u00e9c\u00e9dentes"},"content":{"rendered":"\n\n\n<div id=\"wpv-view-layout-321\" class=\"js-wpv-view-layout js-wpv-layout-responsive js-wpv-view-layout-321\" data-viewnumber=\"321\" data-pagination=\"{&quot;id&quot;:321,&quot;query&quot;:&quot;normal&quot;,&quot;type&quot;:&quot;disabled&quot;,&quot;effect&quot;:&quot;fade&quot;,&quot;duration&quot;:500,&quot;speed&quot;:5,&quot;pause_on_hover&quot;:&quot;disabled&quot;,&quot;stop_rollover&quot;:&quot;false&quot;,&quot;cache_pages&quot;:&quot;enabled&quot;,&quot;preload_images&quot;:&quot;enabled&quot;,&quot;preload_pages&quot;:&quot;enabled&quot;,&quot;preload_reach&quot;:1,&quot;spinner&quot;:&quot;builtin&quot;,&quot;spinner_image&quot;:&quot;https:\/\/exparl.ca\/wp-content\/plugins\/wp-views\/embedded\/res\/img\/ajax-loader.gif&quot;,&quot;callback_next&quot;:&quot;&quot;,&quot;manage_history&quot;:&quot;enabled&quot;,&quot;has_controls_in_form&quot;:&quot;disabled&quot;,&quot;infinite_tolerance&quot;:&quot;0&quot;,&quot;max_pages&quot;:1,&quot;page&quot;:1,&quot;base_permalink&quot;:&quot;\/fr\/wp-json\/wp\/v2\/pages\/480?wpv_view_count=321&amp;wpv_paged=WPV_PAGE_NUM&quot;,&quot;loop&quot;:{&quot;type&quot;:&quot;&quot;,&quot;name&quot;:&quot;&quot;,&quot;data&quot;:[],&quot;id&quot;:0}}\" data-permalink=\"\/fr\/wp-json\/wp\/v2\/pages\/480?wpv_view_count=321\">\n\n\t\n\t\n<div class=\"past-issue-wrapper cf\">\n\t\n\t\t<div class=\"past-issue-block issue-id-2155\"><div class=\"past-issue-cover-img\"><a href=\"https:\/\/exparl.ca\/wp-content\/uploads\/2019\/12\/Suite-a-la-Colline-Fall-2019-f.pdf\" target=\"_blank\"><img loading=\"lazy\" decoding=\"async\" width=\"250\" height=\"325\" src=\"https:\/\/exparl.ca\/wp-content\/uploads\/2019\/11\/Suite-a-la-Colline-Fall-2019-f-cover-250x325.jpg\" class=\"attachment-past-issue-thumbnail\" alt=\"\" title=\"Suite a la Colline Fall 2019-f cover\" style=\"\" \/><\/a><\/div><h3 class=\"issue-title\">Suite \u00e0 la colline &#8211; Autumn 2019<\/h3><div class=\"past-issue-link\"><a href=\"https:\/\/exparl.ca\/wp-content\/uploads\/2019\/12\/Suite-a-la-Colline-Fall-2019-f.pdf\" target=\"_blank\">T\u00e9l\u00e9charger le PDF<\/a><span class=\"screen-reader-text\"> Suite \u00e0 la colline &#8211; Autumn 2019<\/span><\/div><\/div>\n\t\n\t\t<div class=\"past-issue-block issue-id-1810\"><div class=\"past-issue-cover-img\"><a href=\"https:\/\/exparl.ca\/wp-content\/uploads\/2019\/07\/Suita-a-la-Colline_Spring-2019-Digital.pdf\" target=\"_blank\"><img loading=\"lazy\" decoding=\"async\" width=\"250\" height=\"325\" src=\"https:\/\/exparl.ca\/wp-content\/uploads\/2019\/07\/Cover-f-250x325.jpg\" class=\"attachment-past-issue-thumbnail\" alt=\"\" title=\"Cover-f\" style=\"\" \/><\/a><\/div><h3 class=\"issue-title\">Suite \u00e0 la colline &#8211; printemps 2019<\/h3><div class=\"past-issue-link\"><a href=\"https:\/\/exparl.ca\/wp-content\/uploads\/2019\/07\/Suita-a-la-Colline_Spring-2019-Digital.pdf\" target=\"_blank\">T\u00e9l\u00e9charger le PDF<\/a><span class=\"screen-reader-text\"> Suite \u00e0 la colline &#8211; printemps 2019<\/span><\/div><\/div>\n\t\n\t\t<div class=\"past-issue-block issue-id-932\"><div class=\"past-issue-cover-img\"><a href=\"https:\/\/exparl.ca\/wp-content\/uploads\/2018\/10\/Suite-a-la-colline_Summer18-Digital.pdf\" target=\"_blank\"><img loading=\"lazy\" decoding=\"async\" width=\"250\" height=\"325\" src=\"https:\/\/exparl.ca\/wp-content\/uploads\/2018\/10\/Suite-a-la-colline_Summer18-Digital-1.jpg\" class=\"attachment-past-issue-thumbnail\" alt=\"\" title=\"Suite-a-la-colline_Summer18-Digital-1\" style=\"\" srcset=\"https:\/\/exparl.ca\/wp-content\/uploads\/2018\/10\/Suite-a-la-colline_Summer18-Digital-1.jpg 250w, https:\/\/exparl.ca\/wp-content\/uploads\/2018\/10\/Suite-a-la-colline_Summer18-Digital-1-231x300.jpg 231w\" sizes=\"auto, (max-width: 250px) 100vw, 250px\" \/><\/a><\/div><h3 class=\"issue-title\">Suite \u00e0 la colline \u2013 Summer 18<\/h3><div class=\"past-issue-link\"><a href=\"https:\/\/exparl.ca\/wp-content\/uploads\/2018\/10\/Suite-a-la-colline_Summer18-Digital.pdf\" target=\"_blank\">T\u00e9l\u00e9charger le PDF<\/a><span class=\"screen-reader-text\"> Suite \u00e0 la colline \u2013 Summer 18<\/span><\/div><\/div>\n\t\n\t\t<div class=\"past-issue-block issue-id-1837\"><div class=\"past-issue-cover-img\"><a href=\"https:\/\/exparl.ca\/wp-content\/uploads\/2019\/07\/Suite-\u00e0-la-Colline-\u00c9t\u00e9-2017.pdf\" target=\"_blank\"><img loading=\"lazy\" decoding=\"async\" width=\"250\" height=\"325\" src=\"https:\/\/exparl.ca\/wp-content\/uploads\/2018\/08\/Suite-a-la-colline-Cover-2017-French-250x325.jpg\" class=\"attachment-past-issue-thumbnail\" alt=\"\" title=\"Suite a la colline Cover 2017 French\" style=\"\" srcset=\"https:\/\/exparl.ca\/wp-content\/uploads\/2018\/08\/Suite-a-la-colline-Cover-2017-French-250x325.jpg 250w, https:\/\/exparl.ca\/wp-content\/uploads\/2018\/08\/Suite-a-la-colline-Cover-2017-French-768x994.jpg 768w\" sizes=\"auto, (max-width: 250px) 100vw, 250px\" \/><\/a><\/div><h3 class=\"issue-title\">Suite \u00e0 la colline &#8211; \u00c9t\u00e9 2017<\/h3><div class=\"past-issue-link\"><a href=\"https:\/\/exparl.ca\/wp-content\/uploads\/2019\/07\/Suite-\u00e0-la-Colline-\u00c9t\u00e9-2017.pdf\" target=\"_blank\">T\u00e9l\u00e9charger le PDF<\/a><span class=\"screen-reader-text\"> Suite \u00e0 la colline &#8211; \u00c9t\u00e9 2017<\/span><\/div><\/div>\n\t\n\t\t<div class=\"past-issue-block issue-id-471\"><div class=\"past-issue-cover-img\"><a href=\"https:\/\/exparl.ca\/wp-content\/uploads\/2018\/05\/suite_a_la_colline_fall16_zinio.compressed_2.pdf\" target=\"_blank\"><img loading=\"lazy\" decoding=\"async\" width=\"250\" height=\"325\" src=\"https:\/\/exparl.ca\/wp-content\/uploads\/2018\/05\/suite_a_la_colline_fall16_zinio.jpg\" class=\"attachment-past-issue-thumbnail\" alt=\"\" title=\"suite_a_la_colline_fall16_zinio\" style=\"\" srcset=\"https:\/\/exparl.ca\/wp-content\/uploads\/2018\/05\/suite_a_la_colline_fall16_zinio.jpg 250w, https:\/\/exparl.ca\/wp-content\/uploads\/2018\/05\/suite_a_la_colline_fall16_zinio-231x300.jpg 231w\" sizes=\"auto, (max-width: 250px) 100vw, 250px\" \/><\/a><\/div><h3 class=\"issue-title\">Suite \u00e0 la colline &#8211; Automne 2016<\/h3><div class=\"past-issue-link\"><a href=\"https:\/\/exparl.ca\/wp-content\/uploads\/2018\/05\/suite_a_la_colline_fall16_zinio.compressed_2.pdf\" target=\"_blank\">T\u00e9l\u00e9charger le PDF<\/a><span class=\"screen-reader-text\"> Suite \u00e0 la colline &#8211; Automne 2016<\/span><\/div><\/div>\n\t\n<\/div>\n\t\n\t\n\t\n<\/div>\n\n","protected":false},"excerpt":{"rendered":"Suite \u00e0 la colline &#8211; Autumn 2019T\u00e9l\u00e9charger le PDF Suite \u00e0 la colline &#8211; Autumn 2019 Suite \u00e0 la colline &#8211; printemps 2019T\u00e9l\u00e9charger le PDF Suite \u00e0 la colline &#8211; printemps 2019 Suite \u00e0 la colline \u2013 Summer 18T\u00e9l\u00e9charger le PDF Suite \u00e0 la colline \u2013 Summer 18 Suite \u00e0 la colline &#8211; \u00c9t\u00e9 2017T\u00e9l\u00e9charger...","protected":false},"author":1,"featured_media":0,"parent":0,"menu_order":0,"comment_status":"closed","ping_status":"closed","template":"page-regular.php","meta":{"_acf_changed":false,"footnotes":""},"class_list":["post-480","page","type-page","status-publish","hentry"],"acf":[],"yoast_head":"<!-- This site is optimized with the Yoast SEO plugin v27.4 - https:\/\/yoast.com\/product\/yoast-seo-wordpress\/ -->\n<title>Editions pr\u00e9c\u00e9dentes | Association canadienne des ex-parlementaires<\/title>\n<meta name=\"robots\" content=\"index, follow, max-snippet:-1, max-image-preview:large, max-video-preview:-1\" \/>\n<link rel=\"canonical\" href=\"https:\/\/exparl.ca\/fr\/editions-precedentes\/\" \/>\n<meta property=\"og:locale\" content=\"fr_FR\" \/>\n<meta property=\"og:type\" content=\"article\" \/>\n<meta property=\"og:title\" content=\"Editions pr\u00e9c\u00e9dentes | Association canadienne des ex-parlementaires\" \/>\n<meta property=\"og:url\" content=\"https:\/\/exparl.ca\/fr\/editions-precedentes\/\" \/>\n<meta property=\"og:site_name\" content=\"Association canadienne des ex-parlementaires\" \/>\n<meta property=\"article:modified_time\" content=\"2020-01-16T20:19:40+00:00\" \/>\n<meta name=\"twitter:card\" content=\"summary_large_image\" \/>\n<script type=\"application\/ld+json\" class=\"yoast-schema-graph\">{\"@context\":\"https:\\\/\\\/schema.org\",\"@graph\":[{\"@type\":\"WebPage\",\"@id\":\"https:\\\/\\\/exparl.ca\\\/fr\\\/editions-precedentes\\\/\",\"url\":\"https:\\\/\\\/exparl.ca\\\/fr\\\/editions-precedentes\\\/\",\"name\":\"Editions pr\u00e9c\u00e9dentes | Association canadienne des ex-parlementaires\",\"isPartOf\":{\"@id\":\"https:\\\/\\\/exparl.ca\\\/#website\"},\"datePublished\":\"2018-05-07T13:14:57+00:00\",\"dateModified\":\"2020-01-16T20:19:40+00:00\",\"breadcrumb\":{\"@id\":\"https:\\\/\\\/exparl.ca\\\/fr\\\/editions-precedentes\\\/#breadcrumb\"},\"inLanguage\":\"fr-FR\",\"potentialAction\":[{\"@type\":\"ReadAction\",\"target\":[\"https:\\\/\\\/exparl.ca\\\/fr\\\/editions-precedentes\\\/\"]}]},{\"@type\":\"BreadcrumbList\",\"@id\":\"https:\\\/\\\/exparl.ca\\\/fr\\\/editions-precedentes\\\/#breadcrumb\",\"itemListElement\":[{\"@type\":\"ListItem\",\"position\":1,\"name\":\"Home\",\"item\":\"https:\\\/\\\/exparl.ca\\\/fr\\\/home\\\/\"},{\"@type\":\"ListItem\",\"position\":2,\"name\":\"Editions pr\u00e9c\u00e9dentes\"}]},{\"@type\":\"WebSite\",\"@id\":\"https:\\\/\\\/exparl.ca\\\/#website\",\"url\":\"https:\\\/\\\/exparl.ca\\\/\",\"name\":\"Association canadienne des ex-parlementaires\",\"description\":\"Association canadienne des ex-parlementaires\",\"potentialAction\":[{\"@type\":\"SearchAction\",\"target\":{\"@type\":\"EntryPoint\",\"urlTemplate\":\"https:\\\/\\\/exparl.ca\\\/?s={search_term_string}\"},\"query-input\":{\"@type\":\"PropertyValueSpecification\",\"valueRequired\":true,\"valueName\":\"search_term_string\"}}],\"inLanguage\":\"fr-FR\"}]}<\/script>\n<!-- \/ Yoast SEO plugin. -->","yoast_head_json":{"title":"Editions pr\u00e9c\u00e9dentes | Association canadienne des ex-parlementaires","robots":{"index":"index","follow":"follow","max-snippet":"max-snippet:-1","max-image-preview":"max-image-preview:large","max-video-preview":"max-video-preview:-1"},"canonical":"https:\/\/exparl.ca\/fr\/editions-precedentes\/","og_locale":"fr_FR","og_type":"article","og_title":"Editions pr\u00e9c\u00e9dentes | Association canadienne des ex-parlementaires","og_url":"https:\/\/exparl.ca\/fr\/editions-precedentes\/","og_site_name":"Association canadienne des ex-parlementaires","article_modified_time":"2020-01-16T20:19:40+00:00","twitter_card":"summary_large_image","schema":{"@context":"https:\/\/schema.org","@graph":[{"@type":"WebPage","@id":"https:\/\/exparl.ca\/fr\/editions-precedentes\/","url":"https:\/\/exparl.ca\/fr\/editions-precedentes\/","name":"Editions pr\u00e9c\u00e9dentes | Association canadienne des ex-parlementaires","isPartOf":{"@id":"https:\/\/exparl.ca\/#website"},"datePublished":"2018-05-07T13:14:57+00:00","dateModified":"2020-01-16T20:19:40+00:00","breadcrumb":{"@id":"https:\/\/exparl.ca\/fr\/editions-precedentes\/#breadcrumb"},"inLanguage":"fr-FR","potentialAction":[{"@type":"ReadAction","target":["https:\/\/exparl.ca\/fr\/editions-precedentes\/"]}]},{"@type":"BreadcrumbList","@id":"https:\/\/exparl.ca\/fr\/editions-precedentes\/#breadcrumb","itemListElement":[{"@type":"ListItem","position":1,"name":"Home","item":"https:\/\/exparl.ca\/fr\/home\/"},{"@type":"ListItem","position":2,"name":"Editions pr\u00e9c\u00e9dentes"}]},{"@type":"WebSite","@id":"https:\/\/exparl.ca\/#website","url":"https:\/\/exparl.ca\/","name":"Association canadienne des ex-parlementaires","description":"Association canadienne des ex-parlementaires","potentialAction":[{"@type":"SearchAction","target":{"@type":"EntryPoint","urlTemplate":"https:\/\/exparl.ca\/?s={search_term_string}"},"query-input":{"@type":"PropertyValueSpecification","valueRequired":true,"valueName":"search_term_string"}}],"inLanguage":"fr-FR"}]}},"_links":{"self":[{"href":"https:\/\/exparl.ca\/fr\/wp-json\/wp\/v2\/pages\/480","targetHints":{"allow":["GET"]}}],"collection":[{"href":"https:\/\/exparl.ca\/fr\/wp-json\/wp\/v2\/pages"}],"about":[{"href":"https:\/\/exparl.ca\/fr\/wp-json\/wp\/v2\/types\/page"}],"author":[{"embeddable":true,"href":"https:\/\/exparl.ca\/fr\/wp-json\/wp\/v2\/users\/1"}],"replies":[{"embeddable":true,"href":"https:\/\/exparl.ca\/fr\/wp-json\/wp\/v2\/comments?post=480"}],"version-history":[{"count":0,"href":"https:\/\/exparl.ca\/fr\/wp-json\/wp\/v2\/pages\/480\/revisions"}],"wp:attachment":[{"href":"https:\/\/exparl.ca\/fr\/wp-json\/wp\/v2\/media?parent=480"}],"curies":[{"name":"wp","href":"https:\/\/api.w.org\/{rel}","templated":true}]}}