{"id":598,"date":"2018-05-01T13:47:43","date_gmt":"2018-05-01T17:47:43","guid":{"rendered":"https:\/\/exparl.ca\/who-we-are\/"},"modified":"2023-10-04T11:45:35","modified_gmt":"2023-10-04T15:45:35","slug":"a-propos-de-nous","status":"publish","type":"page","link":"https:\/\/exparl.ca\/fr\/a-propos-de-nous\/","title":{"rendered":"\u00c0 propos de nous"},"content":{"rendered":"<div class=\"wpb-content-wrapper\"><p>[vc_row el_class=\u00a0\u00bbpage_panel panel_has_bg calling_panel\u00a0\u00bb css=\u00a0\u00bb.vc_custom_1646250077884{background-image: url(https:\/\/exparl.ca\/wp-content\/uploads\/2022\/03\/CAFP_WhoWeAre_2022.jpg?id=3205) !important;background-position: 0 0 !important;background-repeat: no-repeat !important;}\u00a0\u00bb][vc_column][vc_row_inner el_class=\u00a0\u00bbinner-container\u00a0\u00bb][vc_column_inner][vc_column_text]<\/p>\n<p>Fond\u00e9e en\u00a01987 et constitu\u00e9e par une loi du Parlement en\u00a01996, l\u2019Association canadienne des ex-parlementaires\u00a0(ACEP) est une organisation non partisane et b\u00e9n\u00e9vole, form\u00e9e d\u2019anciens s\u00e9nateurs et d\u00e9put\u00e9s de tous les partis politiques. L\u2019ACEP organise des activit\u00e9s et des programmes qui rassemblent les membres et leur permet de continuer \u00e0 servir leur pays.<\/p>\n<p>Nous nous effor\u00e7ons de favoriser une communaut\u00e9 de respect mutuel, de coll\u00e9gialit\u00e9 et d\u2019apprentissage continu parmi les ex-parlementaires, tout en d\u00e9fendant l\u2019importance des institutions d\u00e9mocratiques et le r\u00f4le des parlementaires dans la promotion des valeurs d\u00e9mocratiques du Canada et le bien-\u00eatre de ses citoyens. Notre objectif est d\u2019offrir \u00e0 nos membres la possibilit\u00e9 de partager leurs connaissances, leur exp\u00e9rience et leur expertise, mais aussi de promouvoir la compr\u00e9hension publique du processus parlementaire et de l\u2019importance de la gouvernance d\u00e9mocratique au Canada.<\/p>\n<p>[\/vc_column_text][\/vc_column_inner][\/vc_row_inner][\/vc_column][\/vc_row][vc_row el_class=\u00a0\u00bbpage_panel text_only_panel\u00a0\u00bb][vc_column][vc_row_inner el_class=\u00a0\u00bbinner-container\u00a0\u00bb][vc_column_inner][vc_column_text]L\u2019ACEP est l\u2019endroit o\u00f9 les ex-parlementaires peuvent faire du r\u00e9seautage et poursuivre les conversations importantes qui fa\u00e7onnent la d\u00e9mocratie canadienne.<\/p>\n<p>Les membres actifs ont acc\u00e8s aux \u00e9v\u00e9nements organis\u00e9s par l\u2019ACEP, \u00e0 des voyages d\u2019\u00e9tudes internationaux, ainsi qu\u2019\u00e0 des programmes nationaux et internationaux qui ont de l\u2019importance pour la d\u00e9mocratie et la gouvernance parlementaires.<\/p>\n<p>Gr\u00e2ce \u00e0 notre Bureau des conf\u00e9renciers, nous sommes en mesure d\u2019\u00e9tablir des liens entre les membres actifs et des organisations de partout au pays qui sont \u00e0 la recherche d\u2019experts pour prendre la parole lors d\u2019\u00e9v\u00e9nements.<\/p>\n<p>Les ex-parlementaires qui souhaitent devenir membres actifs de l\u2019Association peuvent pr\u00e9senter leur candidature en cliquant <a href=\"https:\/\/exparl.ca\/fr\/a-propos-de-nous\/categories-dadhesion\/\">ici<\/a>.[\/vc_column_text][vc_raw_html]JTVCY2FsbF90b19hY3Rpb25fYnV0dG9uJTIwdXJsJTNEJTIyJTJGZnIlMkZhLXByb3Bvcy1kZS1ub3VzJTJGY2F0ZWdvcmllcy1kYWRoZXNpb24lMkYlMjIlMjB0aXRsZSUzRCUyMkpvaWduZXotdm91cyUyMCVDMyVBMCUyMG5vdXMlMjIlMjBjb2xvciUzRCUyMjUxMjc1NiUyMiUyMGFsaWduJTNEJTIyY2VudGVyJTIyJTVEJTVCJTJGY2FsbF90b19hY3Rpb25fYnV0dG9uJTVE[\/vc_raw_html][\/vc_column_inner][\/vc_row_inner][\/vc_column][\/vc_row]<\/p>\n<\/div>","protected":false},"excerpt":{"rendered":"<p>[vc_row el_class=\u00a0\u00bbpage_panel panel_has_bg calling_panel\u00a0\u00bb css=\u00a0\u00bb.vc_custom_1646250077884{background-image: url(https:\/\/exparl.ca\/wp-content\/uploads\/2022\/03\/CAFP_WhoWeAre_2022.jpg?id=3205) !important;background-position: 0 0 !important;background-repeat: no-repeat !important;}\u00a0\u00bb][vc_column][vc_row_inner el_class=\u00a0\u00bbinner-container\u00a0\u00bb][vc_column_inner][vc_column_text] Fond\u00e9e en\u00a01987 et constitu\u00e9e par une loi du Parlement en\u00a01996, l\u2019Association canadienne des ex-parlementaires\u00a0(ACEP) est une organisation non partisane et b\u00e9n\u00e9vole, form\u00e9e d\u2019anciens s\u00e9nateurs et d\u00e9put\u00e9s de tous les partis politiques. L\u2019ACEP organise des activit\u00e9s et des programmes qui rassemblent les membres&#8230;<\/p>\n","protected":false},"author":1,"featured_media":0,"parent":0,"menu_order":0,"comment_status":"closed","ping_status":"closed","template":"","meta":{"_acf_changed":false,"footnotes":""},"class_list":["post-598","page","type-page","status-publish","hentry"],"acf":[],"yoast_head":"<!-- This site is optimized with the Yoast SEO plugin v27.5 - https:\/\/yoast.com\/product\/yoast-seo-wordpress\/ -->\n<title>\u00c0 propos de nous | Association canadienne des ex-parlementaires<\/title>\n<meta name=\"robots\" content=\"index, follow, max-snippet:-1, max-image-preview:large, max-video-preview:-1\" \/>\n<link rel=\"canonical\" href=\"https:\/\/exparl.ca\/fr\/a-propos-de-nous\/\" \/>\n<meta property=\"og:locale\" content=\"fr_FR\" \/>\n<meta property=\"og:type\" content=\"article\" \/>\n<meta property=\"og:title\" content=\"\u00c0 propos de nous | Association canadienne des ex-parlementaires\" \/>\n<meta property=\"og:description\" content=\"[vc_row el_class=\u00a0\u00bbpage_panel panel_has_bg calling_panel\u00a0\u00bb css=\u00a0\u00bb.vc_custom_1646250077884{background-image: url(https:\/\/exparl.ca\/wp-content\/uploads\/2022\/03\/CAFP_WhoWeAre_2022.jpg?id=3205) !important;background-position: 0 0 !important;background-repeat: no-repeat !important;}\u00a0\u00bb][vc_column][vc_row_inner el_class=\u00a0\u00bbinner-container\u00a0\u00bb][vc_column_inner][vc_column_text] Fond\u00e9e en\u00a01987 et constitu\u00e9e par une loi du Parlement en\u00a01996, l\u2019Association canadienne des ex-parlementaires\u00a0(ACEP) est une organisation non partisane et b\u00e9n\u00e9vole, form\u00e9e d\u2019anciens s\u00e9nateurs et d\u00e9put\u00e9s de tous les partis politiques. L\u2019ACEP organise des activit\u00e9s et des programmes qui rassemblent les membres...\" \/>\n<meta property=\"og:url\" content=\"https:\/\/exparl.ca\/fr\/a-propos-de-nous\/\" \/>\n<meta property=\"og:site_name\" content=\"Association canadienne des ex-parlementaires\" \/>\n<meta property=\"article:modified_time\" content=\"2023-10-04T15:45:35+00:00\" \/>\n<meta name=\"twitter:card\" content=\"summary_large_image\" \/>\n<meta name=\"twitter:label1\" content=\"Dur\u00e9e de lecture estim\u00e9e\" \/>\n\t<meta name=\"twitter:data1\" content=\"2 minutes\" \/>\n<script type=\"application\/ld+json\" class=\"yoast-schema-graph\">{\"@context\":\"https:\\\/\\\/schema.org\",\"@graph\":[{\"@type\":\"WebPage\",\"@id\":\"https:\\\/\\\/exparl.ca\\\/fr\\\/a-propos-de-nous\\\/\",\"url\":\"https:\\\/\\\/exparl.ca\\\/fr\\\/a-propos-de-nous\\\/\",\"name\":\"\u00c0 propos de nous | Association canadienne des ex-parlementaires\",\"isPartOf\":{\"@id\":\"https:\\\/\\\/exparl.ca\\\/#website\"},\"datePublished\":\"2018-05-01T17:47:43+00:00\",\"dateModified\":\"2023-10-04T15:45:35+00:00\",\"breadcrumb\":{\"@id\":\"https:\\\/\\\/exparl.ca\\\/fr\\\/a-propos-de-nous\\\/#breadcrumb\"},\"inLanguage\":\"fr-FR\",\"potentialAction\":[{\"@type\":\"ReadAction\",\"target\":[\"https:\\\/\\\/exparl.ca\\\/fr\\\/a-propos-de-nous\\\/\"]}]},{\"@type\":\"BreadcrumbList\",\"@id\":\"https:\\\/\\\/exparl.ca\\\/fr\\\/a-propos-de-nous\\\/#breadcrumb\",\"itemListElement\":[{\"@type\":\"ListItem\",\"position\":1,\"name\":\"Home\",\"item\":\"https:\\\/\\\/exparl.ca\\\/fr\\\/home\\\/\"},{\"@type\":\"ListItem\",\"position\":2,\"name\":\"\u00c0 propos de nous\"}]},{\"@type\":\"WebSite\",\"@id\":\"https:\\\/\\\/exparl.ca\\\/#website\",\"url\":\"https:\\\/\\\/exparl.ca\\\/\",\"name\":\"Association canadienne des ex-parlementaires\",\"description\":\"Association canadienne des ex-parlementaires\",\"potentialAction\":[{\"@type\":\"SearchAction\",\"target\":{\"@type\":\"EntryPoint\",\"urlTemplate\":\"https:\\\/\\\/exparl.ca\\\/?s={search_term_string}\"},\"query-input\":{\"@type\":\"PropertyValueSpecification\",\"valueRequired\":true,\"valueName\":\"search_term_string\"}}],\"inLanguage\":\"fr-FR\"}]}<\/script>\n<!-- \/ Yoast SEO plugin. -->","yoast_head_json":{"title":"\u00c0 propos de nous | Association canadienne des ex-parlementaires","robots":{"index":"index","follow":"follow","max-snippet":"max-snippet:-1","max-image-preview":"max-image-preview:large","max-video-preview":"max-video-preview:-1"},"canonical":"https:\/\/exparl.ca\/fr\/a-propos-de-nous\/","og_locale":"fr_FR","og_type":"article","og_title":"\u00c0 propos de nous | Association canadienne des ex-parlementaires","og_description":"[vc_row el_class=\u00a0\u00bbpage_panel panel_has_bg calling_panel\u00a0\u00bb css=\u00a0\u00bb.vc_custom_1646250077884{background-image: url(https:\/\/exparl.ca\/wp-content\/uploads\/2022\/03\/CAFP_WhoWeAre_2022.jpg?id=3205) !important;background-position: 0 0 !important;background-repeat: no-repeat !important;}\u00a0\u00bb][vc_column][vc_row_inner el_class=\u00a0\u00bbinner-container\u00a0\u00bb][vc_column_inner][vc_column_text] Fond\u00e9e en\u00a01987 et constitu\u00e9e par une loi du Parlement en\u00a01996, l\u2019Association canadienne des ex-parlementaires\u00a0(ACEP) est une organisation non partisane et b\u00e9n\u00e9vole, form\u00e9e d\u2019anciens s\u00e9nateurs et d\u00e9put\u00e9s de tous les partis politiques. L\u2019ACEP organise des activit\u00e9s et des programmes qui rassemblent les membres...","og_url":"https:\/\/exparl.ca\/fr\/a-propos-de-nous\/","og_site_name":"Association canadienne des ex-parlementaires","article_modified_time":"2023-10-04T15:45:35+00:00","twitter_card":"summary_large_image","twitter_misc":{"Dur\u00e9e de lecture estim\u00e9e":"2 minutes"},"schema":{"@context":"https:\/\/schema.org","@graph":[{"@type":"WebPage","@id":"https:\/\/exparl.ca\/fr\/a-propos-de-nous\/","url":"https:\/\/exparl.ca\/fr\/a-propos-de-nous\/","name":"\u00c0 propos de nous | Association canadienne des ex-parlementaires","isPartOf":{"@id":"https:\/\/exparl.ca\/#website"},"datePublished":"2018-05-01T17:47:43+00:00","dateModified":"2023-10-04T15:45:35+00:00","breadcrumb":{"@id":"https:\/\/exparl.ca\/fr\/a-propos-de-nous\/#breadcrumb"},"inLanguage":"fr-FR","potentialAction":[{"@type":"ReadAction","target":["https:\/\/exparl.ca\/fr\/a-propos-de-nous\/"]}]},{"@type":"BreadcrumbList","@id":"https:\/\/exparl.ca\/fr\/a-propos-de-nous\/#breadcrumb","itemListElement":[{"@type":"ListItem","position":1,"name":"Home","item":"https:\/\/exparl.ca\/fr\/home\/"},{"@type":"ListItem","position":2,"name":"\u00c0 propos de nous"}]},{"@type":"WebSite","@id":"https:\/\/exparl.ca\/#website","url":"https:\/\/exparl.ca\/","name":"Association canadienne des ex-parlementaires","description":"Association canadienne des ex-parlementaires","potentialAction":[{"@type":"SearchAction","target":{"@type":"EntryPoint","urlTemplate":"https:\/\/exparl.ca\/?s={search_term_string}"},"query-input":{"@type":"PropertyValueSpecification","valueRequired":true,"valueName":"search_term_string"}}],"inLanguage":"fr-FR"}]}},"_links":{"self":[{"href":"https:\/\/exparl.ca\/fr\/wp-json\/wp\/v2\/pages\/598","targetHints":{"allow":["GET"]}}],"collection":[{"href":"https:\/\/exparl.ca\/fr\/wp-json\/wp\/v2\/pages"}],"about":[{"href":"https:\/\/exparl.ca\/fr\/wp-json\/wp\/v2\/types\/page"}],"author":[{"embeddable":true,"href":"https:\/\/exparl.ca\/fr\/wp-json\/wp\/v2\/users\/1"}],"replies":[{"embeddable":true,"href":"https:\/\/exparl.ca\/fr\/wp-json\/wp\/v2\/comments?post=598"}],"version-history":[{"count":0,"href":"https:\/\/exparl.ca\/fr\/wp-json\/wp\/v2\/pages\/598\/revisions"}],"wp:attachment":[{"href":"https:\/\/exparl.ca\/fr\/wp-json\/wp\/v2\/media?parent=598"}],"curies":[{"name":"wp","href":"https:\/\/api.w.org\/{rel}","templated":true}]}}