{"id":602,"date":"2018-05-03T12:16:18","date_gmt":"2018-05-03T16:16:18","guid":{"rendered":"https:\/\/exparl.ca\/a-propos-de-nous\/our-members\/"},"modified":"2022-07-26T14:49:28","modified_gmt":"2022-07-26T18:49:28","slug":"nos-membres","status":"publish","type":"page","link":"https:\/\/exparl.ca\/fr\/a-propos-de-nous\/nos-membres\/","title":{"rendered":"Nos membres"},"content":{"rendered":"<div class=\"wpb-content-wrapper\"><p>[vc_row el_class=\u00a0\u00bbpage_panel panel_has_bg calling_panel\u00a0\u00bb css=\u00a0\u00bb.vc_custom_1525364755137{background-image: url(https:\/\/exparl.ca\/wp-content\/uploads\/2018\/05\/CAFP_WhoWeAre_02.jpg?id=154) !important;background-position: 0 0 !important;background-repeat: no-repeat !important;}\u00a0\u00bb][vc_column][vc_row_inner el_class=\u00a0\u00bbinner-container\u00a0\u00bb][vc_column_inner][vc_column_text]Pr\u00e8s de 6\u00a0000\u00a0femmes et hommes ont si\u00e9g\u00e9 \u00e0 la Chambre des communes et\/ou au S\u00e9nat du Canada depuis\u00a01867. De nombreux ex-parlementaires sont toujours actifs sur le plan professionnel dans un large \u00e9ventail de domaines, et sont dispos\u00e9s \u00e0 consacrer leur temps et leurs talents \u00e0 des projets utiles.[\/vc_column_text][\/vc_column_inner][\/vc_row_inner][\/vc_column][\/vc_row][vc_row el_class=\u00a0\u00bbpage_panel text_only_panel\u00a0\u00bb][vc_column][vc_row_inner el_class=\u00a0\u00bbinner-container\u00a0\u00bb][vc_column_inner][vc_column_text]Pour devenir des membres actifs de l\u2019Association et participer aux programmes et aux services de l\u2019ACEP, les anciens d\u00e9put\u00e9s et s\u00e9nateurs doivent payer une cotisation annuelle, qui vise \u00e0 soutenir le travail de l\u2019Association. La cotisation actuelle est de 125 $. Les ex-parlementaires peuvent inscrire leur conjoint \u00e0 titre de membre associ\u00e9 moyennant des frais annuels de 50 $.<\/p>\n<p>Si vous \u00eates un ex-parlementaire et souhaitez devenir membre actif, veuillez nous contacter \u00e0 <a href=\"mailto:exparl@parl.gc.ca\">exparl@parl.gc.ca<\/a> ou t\u00e9l\u00e9phoner au 613-947-1690 or sans frais 1-888-567-4764.[\/vc_column_text][\/vc_column_inner][\/vc_row_inner][\/vc_column][\/vc_row]<\/p>\n<\/div>","protected":false},"excerpt":{"rendered":"<p>[vc_row el_class=\u00a0\u00bbpage_panel panel_has_bg calling_panel\u00a0\u00bb css=\u00a0\u00bb.vc_custom_1525364755137{background-image: url(https:\/\/exparl.ca\/wp-content\/uploads\/2018\/05\/CAFP_WhoWeAre_02.jpg?id=154) !important;background-position: 0 0 !important;background-repeat: no-repeat !important;}\u00a0\u00bb][vc_column][vc_row_inner el_class=\u00a0\u00bbinner-container\u00a0\u00bb][vc_column_inner][vc_column_text]Pr\u00e8s de 6\u00a0000\u00a0femmes et hommes ont si\u00e9g\u00e9 \u00e0 la Chambre des communes et\/ou au S\u00e9nat du Canada depuis\u00a01867. De nombreux ex-parlementaires sont toujours actifs sur le plan professionnel dans un large \u00e9ventail de domaines, et sont dispos\u00e9s \u00e0 consacrer leur temps et leurs&#8230;<\/p>\n","protected":false},"author":1,"featured_media":0,"parent":598,"menu_order":0,"comment_status":"closed","ping_status":"closed","template":"","meta":{"_acf_changed":false,"footnotes":""},"class_list":["post-602","page","type-page","status-publish","hentry"],"acf":[],"yoast_head":"<!-- This site is optimized with the Yoast SEO plugin v27.4 - https:\/\/yoast.com\/product\/yoast-seo-wordpress\/ -->\n<title>Nos membres | Association canadienne des ex-parlementaires<\/title>\n<meta name=\"robots\" content=\"index, follow, max-snippet:-1, max-image-preview:large, max-video-preview:-1\" \/>\n<link rel=\"canonical\" href=\"https:\/\/exparl.ca\/fr\/a-propos-de-nous\/nos-membres\/\" \/>\n<meta property=\"og:locale\" content=\"fr_FR\" \/>\n<meta property=\"og:type\" content=\"article\" \/>\n<meta property=\"og:title\" content=\"Nos membres | Association canadienne des ex-parlementaires\" \/>\n<meta property=\"og:description\" content=\"[vc_row el_class=\u00a0\u00bbpage_panel panel_has_bg calling_panel\u00a0\u00bb css=\u00a0\u00bb.vc_custom_1525364755137{background-image: url(https:\/\/exparl.ca\/wp-content\/uploads\/2018\/05\/CAFP_WhoWeAre_02.jpg?id=154) !important;background-position: 0 0 !important;background-repeat: no-repeat !important;}\u00a0\u00bb][vc_column][vc_row_inner el_class=\u00a0\u00bbinner-container\u00a0\u00bb][vc_column_inner][vc_column_text]Pr\u00e8s de 6\u00a0000\u00a0femmes et hommes ont si\u00e9g\u00e9 \u00e0 la Chambre des communes et\/ou au S\u00e9nat du Canada depuis\u00a01867. De nombreux ex-parlementaires sont toujours actifs sur le plan professionnel dans un large \u00e9ventail de domaines, et sont dispos\u00e9s \u00e0 consacrer leur temps et leurs...\" \/>\n<meta property=\"og:url\" content=\"https:\/\/exparl.ca\/fr\/a-propos-de-nous\/nos-membres\/\" \/>\n<meta property=\"og:site_name\" content=\"Association canadienne des ex-parlementaires\" \/>\n<meta property=\"article:modified_time\" content=\"2022-07-26T18:49:28+00:00\" \/>\n<meta name=\"twitter:card\" content=\"summary_large_image\" \/>\n<meta name=\"twitter:label1\" content=\"Dur\u00e9e de lecture estim\u00e9e\" \/>\n\t<meta name=\"twitter:data1\" content=\"1 minute\" \/>\n<script type=\"application\/ld+json\" class=\"yoast-schema-graph\">{\"@context\":\"https:\\\/\\\/schema.org\",\"@graph\":[{\"@type\":\"WebPage\",\"@id\":\"https:\\\/\\\/exparl.ca\\\/fr\\\/a-propos-de-nous\\\/nos-membres\\\/\",\"url\":\"https:\\\/\\\/exparl.ca\\\/fr\\\/a-propos-de-nous\\\/nos-membres\\\/\",\"name\":\"Nos membres | Association canadienne des ex-parlementaires\",\"isPartOf\":{\"@id\":\"https:\\\/\\\/exparl.ca\\\/#website\"},\"datePublished\":\"2018-05-03T16:16:18+00:00\",\"dateModified\":\"2022-07-26T18:49:28+00:00\",\"breadcrumb\":{\"@id\":\"https:\\\/\\\/exparl.ca\\\/fr\\\/a-propos-de-nous\\\/nos-membres\\\/#breadcrumb\"},\"inLanguage\":\"fr-FR\",\"potentialAction\":[{\"@type\":\"ReadAction\",\"target\":[\"https:\\\/\\\/exparl.ca\\\/fr\\\/a-propos-de-nous\\\/nos-membres\\\/\"]}]},{\"@type\":\"BreadcrumbList\",\"@id\":\"https:\\\/\\\/exparl.ca\\\/fr\\\/a-propos-de-nous\\\/nos-membres\\\/#breadcrumb\",\"itemListElement\":[{\"@type\":\"ListItem\",\"position\":1,\"name\":\"Home\",\"item\":\"https:\\\/\\\/exparl.ca\\\/fr\\\/home\\\/\"},{\"@type\":\"ListItem\",\"position\":2,\"name\":\"\u00c0 propos de nous\",\"item\":\"https:\\\/\\\/exparl.ca\\\/fr\\\/a-propos-de-nous\\\/\"},{\"@type\":\"ListItem\",\"position\":3,\"name\":\"Nos membres\"}]},{\"@type\":\"WebSite\",\"@id\":\"https:\\\/\\\/exparl.ca\\\/#website\",\"url\":\"https:\\\/\\\/exparl.ca\\\/\",\"name\":\"Association canadienne des ex-parlementaires\",\"description\":\"Association canadienne des ex-parlementaires\",\"potentialAction\":[{\"@type\":\"SearchAction\",\"target\":{\"@type\":\"EntryPoint\",\"urlTemplate\":\"https:\\\/\\\/exparl.ca\\\/?s={search_term_string}\"},\"query-input\":{\"@type\":\"PropertyValueSpecification\",\"valueRequired\":true,\"valueName\":\"search_term_string\"}}],\"inLanguage\":\"fr-FR\"}]}<\/script>\n<!-- \/ Yoast SEO plugin. -->","yoast_head_json":{"title":"Nos membres | Association canadienne des ex-parlementaires","robots":{"index":"index","follow":"follow","max-snippet":"max-snippet:-1","max-image-preview":"max-image-preview:large","max-video-preview":"max-video-preview:-1"},"canonical":"https:\/\/exparl.ca\/fr\/a-propos-de-nous\/nos-membres\/","og_locale":"fr_FR","og_type":"article","og_title":"Nos membres | Association canadienne des ex-parlementaires","og_description":"[vc_row el_class=\u00a0\u00bbpage_panel panel_has_bg calling_panel\u00a0\u00bb css=\u00a0\u00bb.vc_custom_1525364755137{background-image: url(https:\/\/exparl.ca\/wp-content\/uploads\/2018\/05\/CAFP_WhoWeAre_02.jpg?id=154) !important;background-position: 0 0 !important;background-repeat: no-repeat !important;}\u00a0\u00bb][vc_column][vc_row_inner el_class=\u00a0\u00bbinner-container\u00a0\u00bb][vc_column_inner][vc_column_text]Pr\u00e8s de 6\u00a0000\u00a0femmes et hommes ont si\u00e9g\u00e9 \u00e0 la Chambre des communes et\/ou au S\u00e9nat du Canada depuis\u00a01867. De nombreux ex-parlementaires sont toujours actifs sur le plan professionnel dans un large \u00e9ventail de domaines, et sont dispos\u00e9s \u00e0 consacrer leur temps et leurs...","og_url":"https:\/\/exparl.ca\/fr\/a-propos-de-nous\/nos-membres\/","og_site_name":"Association canadienne des ex-parlementaires","article_modified_time":"2022-07-26T18:49:28+00:00","twitter_card":"summary_large_image","twitter_misc":{"Dur\u00e9e de lecture estim\u00e9e":"1 minute"},"schema":{"@context":"https:\/\/schema.org","@graph":[{"@type":"WebPage","@id":"https:\/\/exparl.ca\/fr\/a-propos-de-nous\/nos-membres\/","url":"https:\/\/exparl.ca\/fr\/a-propos-de-nous\/nos-membres\/","name":"Nos membres | Association canadienne des ex-parlementaires","isPartOf":{"@id":"https:\/\/exparl.ca\/#website"},"datePublished":"2018-05-03T16:16:18+00:00","dateModified":"2022-07-26T18:49:28+00:00","breadcrumb":{"@id":"https:\/\/exparl.ca\/fr\/a-propos-de-nous\/nos-membres\/#breadcrumb"},"inLanguage":"fr-FR","potentialAction":[{"@type":"ReadAction","target":["https:\/\/exparl.ca\/fr\/a-propos-de-nous\/nos-membres\/"]}]},{"@type":"BreadcrumbList","@id":"https:\/\/exparl.ca\/fr\/a-propos-de-nous\/nos-membres\/#breadcrumb","itemListElement":[{"@type":"ListItem","position":1,"name":"Home","item":"https:\/\/exparl.ca\/fr\/home\/"},{"@type":"ListItem","position":2,"name":"\u00c0 propos de nous","item":"https:\/\/exparl.ca\/fr\/a-propos-de-nous\/"},{"@type":"ListItem","position":3,"name":"Nos membres"}]},{"@type":"WebSite","@id":"https:\/\/exparl.ca\/#website","url":"https:\/\/exparl.ca\/","name":"Association canadienne des ex-parlementaires","description":"Association canadienne des ex-parlementaires","potentialAction":[{"@type":"SearchAction","target":{"@type":"EntryPoint","urlTemplate":"https:\/\/exparl.ca\/?s={search_term_string}"},"query-input":{"@type":"PropertyValueSpecification","valueRequired":true,"valueName":"search_term_string"}}],"inLanguage":"fr-FR"}]}},"_links":{"self":[{"href":"https:\/\/exparl.ca\/fr\/wp-json\/wp\/v2\/pages\/602","targetHints":{"allow":["GET"]}}],"collection":[{"href":"https:\/\/exparl.ca\/fr\/wp-json\/wp\/v2\/pages"}],"about":[{"href":"https:\/\/exparl.ca\/fr\/wp-json\/wp\/v2\/types\/page"}],"author":[{"embeddable":true,"href":"https:\/\/exparl.ca\/fr\/wp-json\/wp\/v2\/users\/1"}],"replies":[{"embeddable":true,"href":"https:\/\/exparl.ca\/fr\/wp-json\/wp\/v2\/comments?post=602"}],"version-history":[{"count":0,"href":"https:\/\/exparl.ca\/fr\/wp-json\/wp\/v2\/pages\/602\/revisions"}],"up":[{"embeddable":true,"href":"https:\/\/exparl.ca\/fr\/wp-json\/wp\/v2\/pages\/598"}],"wp:attachment":[{"href":"https:\/\/exparl.ca\/fr\/wp-json\/wp\/v2\/media?parent=602"}],"curies":[{"name":"wp","href":"https:\/\/api.w.org\/{rel}","templated":true}]}}