{"id":638,"date":"2018-05-03T12:37:39","date_gmt":"2018-05-03T16:37:39","guid":{"rendered":"https:\/\/exparl.ca\/a-propos-de-nous\/governance\/"},"modified":"2025-07-21T09:20:20","modified_gmt":"2025-07-21T13:20:20","slug":"gouvernance","status":"publish","type":"page","link":"https:\/\/exparl.ca\/fr\/a-propos-de-nous\/gouvernance\/","title":{"rendered":"Gouvernance"},"content":{"rendered":"<div class=\"wpb-content-wrapper\"><p>[vc_row el_class=\u00a0\u00bbpage_panel panel_has_bg calling_panel\u00a0\u00bb css=\u00a0\u00bb.vc_custom_1525969163545{background-image: url(https:\/\/exparl.ca\/wp-content\/uploads\/2018\/05\/CAFP_WhoWeAre_02.jpg?id=154) !important;}\u00a0\u00bb][vc_column][vc_row_inner el_class=\u00a0\u00bbinner-container\u00a0\u00bb][vc_column_inner][vc_column_text]L\u2019ACEP est r\u00e9gie par un conseil d\u2019administration compos\u00e9 d\u2019anciens s\u00e9nateurs et d\u00e9put\u00e9s de toutes les r\u00e9gions du Canada. \u00a0Les membres du Conseil d\u2019administration sont \u00e9lus lors de l\u2019Assembl\u00e9e g\u00e9n\u00e9rale annuelle de l\u2019ACEP.[\/vc_column_text][\/vc_column_inner][\/vc_row_inner][\/vc_column][\/vc_row][vc_row el_class=\u00a0\u00bbpage_panel text_only_panel\u00a0\u00bb][vc_column][vc_row_inner el_class=\u00a0\u00bbinner-container\u00a0\u00bb][vc_column_inner][vc_column_text]La Pr\u00e9sidente du S\u00e9nat, l\u2019honorable Raymonde Gagn\u00e9, et le Pr\u00e9sident de la Chambre des communes, l\u2019honorable Francis Scarpaleggia, sont les copr\u00e9sidents honoraires de l\u2019ACEP.<\/p>\n<p>Les membres du Conseil d\u2019administration pour l\u2019ann\u00e9e 2025-2026 sont :<\/p>\n<div id=\"wpv-view-layout-250\" class=\"js-wpv-view-layout js-wpv-layout-responsive js-wpv-view-layout-250\" data-viewnumber=\"250\" data-pagination=\"{&quot;id&quot;:250,&quot;query&quot;:&quot;normal&quot;,&quot;type&quot;:&quot;disabled&quot;,&quot;effect&quot;:&quot;fade&quot;,&quot;duration&quot;:500,&quot;speed&quot;:5,&quot;pause_on_hover&quot;:&quot;disabled&quot;,&quot;stop_rollover&quot;:&quot;false&quot;,&quot;cache_pages&quot;:&quot;enabled&quot;,&quot;preload_images&quot;:&quot;enabled&quot;,&quot;preload_pages&quot;:&quot;enabled&quot;,&quot;preload_reach&quot;:1,&quot;spinner&quot;:&quot;builtin&quot;,&quot;spinner_image&quot;:&quot;https:\/\/exparl.ca\/wp-content\/plugins\/wp-views\/embedded\/res\/img\/ajax-loader.gif&quot;,&quot;callback_next&quot;:&quot;&quot;,&quot;manage_history&quot;:&quot;enabled&quot;,&quot;has_controls_in_form&quot;:&quot;disabled&quot;,&quot;infinite_tolerance&quot;:&quot;0&quot;,&quot;max_pages&quot;:0,&quot;page&quot;:1,&quot;base_permalink&quot;:&quot;\/fr\/wp-json\/wp\/v2\/pages\/638?wpv_view_count=250&amp;wpv_paged=WPV_PAGE_NUM&quot;,&quot;loop&quot;:{&quot;type&quot;:&quot;&quot;,&quot;name&quot;:&quot;&quot;,&quot;data&quot;:[],&quot;id&quot;:0}}\" data-permalink=\"\/fr\/wp-json\/wp\/v2\/pages\/638?wpv_view_count=250\">\n\n\t\n\t\n<div class=\"bod_wrapper cf\">\n\t\n\t\t<div class=\"bod_item\"><h2 class=\"member_name\"><a href=\"https:\/\/exparl.ca\/fr\/board-of-director\/matt-decourcey\/\">Matt DeCourcey<\/a><\/h2><div class=\"member_info\"><p class=\"member_title\">Pr\u00e9sident<\/p><p class=\"member_location\">(Nouveau-Brunswick)<\/p><\/div><\/div>\n\t\n\t\t<div class=\"bod_item\"><h2 class=\"member_name\"><a href=\"https:\/\/exparl.ca\/fr\/board-of-director\/jack-harris\/\">Jack Harris<\/a><\/h2><div class=\"member_info\"><p class=\"member_title\">Vice-pr\u00e9sident<\/p><p class=\"member_location\">(Terre-Neuve-Labrador)<\/p><\/div><\/div>\n\t\n\t\t<div class=\"bod_item\"><h2 class=\"member_name\"><a href=\"https:\/\/exparl.ca\/fr\/board-of-director\/dorothy-dobbie\/\">Dorothy Dobbie<\/a><\/h2><div class=\"member_info\"><p class=\"member_title\">Pr\u00e9sidente sortante<\/p><p class=\"member_location\">(Manitoba)<\/p><\/div><\/div>\n\t\n\t\t<div class=\"bod_item\"><h2 class=\"member_name\"><a href=\"https:\/\/exparl.ca\/fr\/board-of-director\/joyce-bateman\/\">Joyce Bateman<\/a><\/h2><div class=\"member_info\"><p class=\"member_title\">Tr\u00e9sori\u00e8re<\/p><p class=\"member_location\">(Manitoba)<\/p><\/div><\/div>\n\t\n\t\t<div class=\"bod_item\"><h2 class=\"member_name\"><a href=\"https:\/\/exparl.ca\/fr\/board-of-director\/hon-bryon-wilfert\/\">L\u2019hon. Bryon Wilfert<\/a><\/h2><div class=\"member_info\"><p class=\"member_title\">Secr\u00e9taire<\/p><p class=\"member_location\">(Ontario)<\/p><\/div><\/div>\n\t\n\t\t<div class=\"bod_item\"><h2 class=\"member_name\"><a href=\"https:\/\/exparl.ca\/fr\/board-of-director\/tyrone-benskin\/\">Tyrone Benskin<\/a><\/h2><div class=\"member_info\"><p class=\"member_title\">Directeur<\/p><p class=\"member_location\">(Qu\u00e9bec)<\/p><\/div><\/div>\n\t\n\t\t<div class=\"bod_item\"><h2 class=\"member_name\"><a href=\"https:\/\/exparl.ca\/fr\/board-of-director\/hon-sarmite-bulte\/\">L&rsquo;hon. Sarmite Bulte<\/a><\/h2><div class=\"member_info\"><p class=\"member_title\">Directrice<\/p><p class=\"member_location\">(Ontario)<\/p><\/div><\/div>\n\t\n\t\t<div class=\"bod_item\"><h2 class=\"member_name\"><a href=\"https:\/\/exparl.ca\/fr\/board-of-director\/corneliu_chisu\/\">Corneliu Chisu<\/a><\/h2><div class=\"member_info\"><p class=\"member_title\">Directeur<\/p><p class=\"member_location\">(Ontario)<\/p><\/div><\/div>\n\t\n\t\t<div class=\"bod_item\"><h2 class=\"member_name\"><a href=\"https:\/\/exparl.ca\/fr\/board-of-director\/paul-crete\/\">Paul Cr\u00eate<\/a><\/h2><div class=\"member_info\"><p class=\"member_title\">Directeur<\/p><p class=\"member_location\">(Qu\u00e9bec)<\/p><\/div><\/div>\n\t\n\t\t<div class=\"bod_item\"><h2 class=\"member_name\"><a href=\"https:\/\/exparl.ca\/fr\/board-of-director\/hon-dennis-dawson\/\">L&rsquo;hon. Dennis Dawson<\/a><\/h2><div class=\"member_info\"><p class=\"member_title\">Directeur<\/p><p class=\"member_location\">(Qu\u00e9bec)<\/p><\/div><\/div>\n\t\n\t\t<div class=\"bod_item\"><h2 class=\"member_name\"><a href=\"https:\/\/exparl.ca\/fr\/board-of-director\/jim-eglinski\/\">Jim Eglinski<\/a><\/h2><div class=\"member_info\"><p class=\"member_title\">Directeur<\/p><p class=\"member_location\">(Alberta)<\/p><\/div><\/div>\n\t\n\t\t<div class=\"bod_item\"><h2 class=\"member_name\"><a href=\"https:\/\/exparl.ca\/fr\/board-of-director\/helene-leblanc\/\">H\u00e9l\u00e8ne LeBlanc<\/a><\/h2><div class=\"member_info\"><p class=\"member_title\">Directrice<\/p><p class=\"member_location\">(Qu\u00e9bec)<\/p><\/div><\/div>\n\t\n\t\t<div class=\"bod_item\"><h2 class=\"member_name\"><a href=\"https:\/\/exparl.ca\/fr\/board-of-director\/chungsen-leung\/\">Chungsen Leung<\/a><\/h2><div class=\"member_info\"><p class=\"member_title\">Directeur<\/p><p class=\"member_location\">(Ontario)<\/p><\/div><\/div>\n\t\n\t\t<div class=\"bod_item\"><h2 class=\"member_name\"><a href=\"https:\/\/exparl.ca\/fr\/board-of-director\/hon-andy-mitchell\/\">L&rsquo;hon. Andy Mitchell<\/a><\/h2><div class=\"member_info\"><p class=\"member_title\">Directeur<\/p><p class=\"member_location\">(Ontario)<\/p><\/div><\/div>\n\t\n\t\t<div class=\"bod_item\"><h2 class=\"member_name\"><a href=\"https:\/\/exparl.ca\/fr\/board-of-director\/hon-eleni-bakopanos\/\">L\u2019hon. Denis Paradis<\/a><\/h2><div class=\"member_info\"><p class=\"member_title\">Directeur<\/p><p class=\"member_location\">(Qu\u00e9bec)<\/p><\/div><\/div>\n\t\n\t\t<div class=\"bod_item\"><h2 class=\"member_name\"><a href=\"https:\/\/exparl.ca\/fr\/board-of-director\/yasmin-ratansi\/\">Yasmin Ratansi<\/a><\/h2><div class=\"member_info\"><p class=\"member_title\">Directrice<\/p><p class=\"member_location\">(Ontario)<\/p><\/div><\/div>\n\t\n\t\t<div class=\"bod_item\"><h2 class=\"member_name\"><a href=\"https:\/\/exparl.ca\/fr\/board-of-director\/lhon-david-tkachuk\/\">L&rsquo;hon. David Tkachuk<\/a><\/h2><div class=\"member_info\"><p class=\"member_title\">Directeur<\/p><p class=\"member_location\">(Saskatchewan)<\/p><\/div><\/div>\n\t\n<\/div>\n\t\n\t\n\t\n<\/div>\n[\/vc_column_text][vc_custom_heading text=\u00a0\u00bbDocuments de la Fondation\u00a0\u00bb use_theme_fonts=\u00a0\u00bbyes\u00a0\u00bb][vc_column_text]<\/p>\n<ul>\n<li><a href=\"https:\/\/exparl.ca\/wp-content\/uploads\/2018\/07\/act-of-parliament-creating-cafp.pdf\" target=\"_blank\" rel=\"noopener noreferrer\">Projet de loi C-275, Loi sur l\u2019Association canadienne des ex-parlementaires<\/a><\/li>\n<li><a href=\"https:\/\/exparl.ca\/wp-content\/uploads\/2018\/07\/cafp-by-laws-bi.pdf\" target=\"_blank\" rel=\"noopener noreferrer\">R\u00e8glements administratifs de l\u2019ACEP<\/a><\/li>\n<\/ul>\n<p>[\/vc_column_text][\/vc_column_inner][\/vc_row_inner][\/vc_column][\/vc_row]<\/p>\n<\/div>","protected":false},"excerpt":{"rendered":"<p>[vc_row el_class=\u00a0\u00bbpage_panel panel_has_bg calling_panel\u00a0\u00bb css=\u00a0\u00bb.vc_custom_1525969163545{background-image: url(https:\/\/exparl.ca\/wp-content\/uploads\/2018\/05\/CAFP_WhoWeAre_02.jpg?id=154) !important;}\u00a0\u00bb][vc_column][vc_row_inner el_class=\u00a0\u00bbinner-container\u00a0\u00bb][vc_column_inner][vc_column_text]L\u2019ACEP est r\u00e9gie par un conseil d\u2019administration compos\u00e9 d\u2019anciens s\u00e9nateurs et d\u00e9put\u00e9s de toutes les r\u00e9gions du Canada. \u00a0Les membres du Conseil d\u2019administration sont \u00e9lus lors de l\u2019Assembl\u00e9e g\u00e9n\u00e9rale annuelle de l\u2019ACEP.[\/vc_column_text][\/vc_column_inner][\/vc_row_inner][\/vc_column][\/vc_row][vc_row el_class=\u00a0\u00bbpage_panel text_only_panel\u00a0\u00bb][vc_column][vc_row_inner el_class=\u00a0\u00bbinner-container\u00a0\u00bb][vc_column_inner][vc_column_text]La Pr\u00e9sidente du S\u00e9nat, l\u2019honorable Raymonde Gagn\u00e9, et le Pr\u00e9sident de la Chambre des&#8230;<\/p>\n","protected":false},"author":1,"featured_media":0,"parent":598,"menu_order":0,"comment_status":"closed","ping_status":"closed","template":"","meta":{"_acf_changed":false,"footnotes":""},"class_list":["post-638","page","type-page","status-publish","hentry"],"acf":[],"yoast_head":"<!-- This site is optimized with the Yoast SEO plugin v27.3 - https:\/\/yoast.com\/product\/yoast-seo-wordpress\/ -->\n<title>Gouvernance | Association canadienne des ex-parlementaires<\/title>\n<meta name=\"robots\" content=\"index, follow, max-snippet:-1, max-image-preview:large, max-video-preview:-1\" \/>\n<link rel=\"canonical\" href=\"https:\/\/exparl.ca\/fr\/a-propos-de-nous\/gouvernance\/\" \/>\n<meta property=\"og:locale\" content=\"fr_FR\" \/>\n<meta property=\"og:type\" content=\"article\" \/>\n<meta property=\"og:title\" content=\"Gouvernance | Association canadienne des ex-parlementaires\" \/>\n<meta property=\"og:description\" content=\"[vc_row el_class=\u00a0\u00bbpage_panel panel_has_bg calling_panel\u00a0\u00bb css=\u00a0\u00bb.vc_custom_1525969163545{background-image: url(https:\/\/exparl.ca\/wp-content\/uploads\/2018\/05\/CAFP_WhoWeAre_02.jpg?id=154) !important;}\u00a0\u00bb][vc_column][vc_row_inner el_class=\u00a0\u00bbinner-container\u00a0\u00bb][vc_column_inner][vc_column_text]L\u2019ACEP est r\u00e9gie par un conseil d\u2019administration compos\u00e9 d\u2019anciens s\u00e9nateurs et d\u00e9put\u00e9s de toutes les r\u00e9gions du Canada. \u00a0Les membres du Conseil d\u2019administration sont \u00e9lus lors de l\u2019Assembl\u00e9e g\u00e9n\u00e9rale annuelle de l\u2019ACEP.[\/vc_column_text][\/vc_column_inner][\/vc_row_inner][\/vc_column][\/vc_row][vc_row el_class=\u00a0\u00bbpage_panel text_only_panel\u00a0\u00bb][vc_column][vc_row_inner el_class=\u00a0\u00bbinner-container\u00a0\u00bb][vc_column_inner][vc_column_text]La Pr\u00e9sidente du S\u00e9nat, l\u2019honorable Raymonde Gagn\u00e9, et le Pr\u00e9sident de la Chambre des...\" \/>\n<meta property=\"og:url\" content=\"https:\/\/exparl.ca\/fr\/a-propos-de-nous\/gouvernance\/\" \/>\n<meta property=\"og:site_name\" content=\"Association canadienne des ex-parlementaires\" \/>\n<meta property=\"article:modified_time\" content=\"2025-07-21T13:20:20+00:00\" \/>\n<meta name=\"twitter:card\" content=\"summary_large_image\" \/>\n<meta name=\"twitter:label1\" content=\"Dur\u00e9e de lecture estim\u00e9e\" \/>\n\t<meta name=\"twitter:data1\" content=\"1 minute\" \/>\n<script type=\"application\/ld+json\" class=\"yoast-schema-graph\">{\"@context\":\"https:\\\/\\\/schema.org\",\"@graph\":[{\"@type\":\"WebPage\",\"@id\":\"https:\\\/\\\/exparl.ca\\\/fr\\\/a-propos-de-nous\\\/gouvernance\\\/\",\"url\":\"https:\\\/\\\/exparl.ca\\\/fr\\\/a-propos-de-nous\\\/gouvernance\\\/\",\"name\":\"Gouvernance | Association canadienne des ex-parlementaires\",\"isPartOf\":{\"@id\":\"https:\\\/\\\/exparl.ca\\\/#website\"},\"datePublished\":\"2018-05-03T16:37:39+00:00\",\"dateModified\":\"2025-07-21T13:20:20+00:00\",\"breadcrumb\":{\"@id\":\"https:\\\/\\\/exparl.ca\\\/fr\\\/a-propos-de-nous\\\/gouvernance\\\/#breadcrumb\"},\"inLanguage\":\"fr-FR\",\"potentialAction\":[{\"@type\":\"ReadAction\",\"target\":[\"https:\\\/\\\/exparl.ca\\\/fr\\\/a-propos-de-nous\\\/gouvernance\\\/\"]}]},{\"@type\":\"BreadcrumbList\",\"@id\":\"https:\\\/\\\/exparl.ca\\\/fr\\\/a-propos-de-nous\\\/gouvernance\\\/#breadcrumb\",\"itemListElement\":[{\"@type\":\"ListItem\",\"position\":1,\"name\":\"Home\",\"item\":\"https:\\\/\\\/exparl.ca\\\/fr\\\/home\\\/\"},{\"@type\":\"ListItem\",\"position\":2,\"name\":\"\u00c0 propos de nous\",\"item\":\"https:\\\/\\\/exparl.ca\\\/fr\\\/a-propos-de-nous\\\/\"},{\"@type\":\"ListItem\",\"position\":3,\"name\":\"Gouvernance\"}]},{\"@type\":\"WebSite\",\"@id\":\"https:\\\/\\\/exparl.ca\\\/#website\",\"url\":\"https:\\\/\\\/exparl.ca\\\/\",\"name\":\"Association canadienne des ex-parlementaires\",\"description\":\"Association canadienne des ex-parlementaires\",\"potentialAction\":[{\"@type\":\"SearchAction\",\"target\":{\"@type\":\"EntryPoint\",\"urlTemplate\":\"https:\\\/\\\/exparl.ca\\\/?s={search_term_string}\"},\"query-input\":{\"@type\":\"PropertyValueSpecification\",\"valueRequired\":true,\"valueName\":\"search_term_string\"}}],\"inLanguage\":\"fr-FR\"}]}<\/script>\n<!-- \/ Yoast SEO plugin. -->","yoast_head_json":{"title":"Gouvernance | Association canadienne des ex-parlementaires","robots":{"index":"index","follow":"follow","max-snippet":"max-snippet:-1","max-image-preview":"max-image-preview:large","max-video-preview":"max-video-preview:-1"},"canonical":"https:\/\/exparl.ca\/fr\/a-propos-de-nous\/gouvernance\/","og_locale":"fr_FR","og_type":"article","og_title":"Gouvernance | Association canadienne des ex-parlementaires","og_description":"[vc_row el_class=\u00a0\u00bbpage_panel panel_has_bg calling_panel\u00a0\u00bb css=\u00a0\u00bb.vc_custom_1525969163545{background-image: url(https:\/\/exparl.ca\/wp-content\/uploads\/2018\/05\/CAFP_WhoWeAre_02.jpg?id=154) !important;}\u00a0\u00bb][vc_column][vc_row_inner el_class=\u00a0\u00bbinner-container\u00a0\u00bb][vc_column_inner][vc_column_text]L\u2019ACEP est r\u00e9gie par un conseil d\u2019administration compos\u00e9 d\u2019anciens s\u00e9nateurs et d\u00e9put\u00e9s de toutes les r\u00e9gions du Canada. \u00a0Les membres du Conseil d\u2019administration sont \u00e9lus lors de l\u2019Assembl\u00e9e g\u00e9n\u00e9rale annuelle de l\u2019ACEP.[\/vc_column_text][\/vc_column_inner][\/vc_row_inner][\/vc_column][\/vc_row][vc_row el_class=\u00a0\u00bbpage_panel text_only_panel\u00a0\u00bb][vc_column][vc_row_inner el_class=\u00a0\u00bbinner-container\u00a0\u00bb][vc_column_inner][vc_column_text]La Pr\u00e9sidente du S\u00e9nat, l\u2019honorable Raymonde Gagn\u00e9, et le Pr\u00e9sident de la Chambre des...","og_url":"https:\/\/exparl.ca\/fr\/a-propos-de-nous\/gouvernance\/","og_site_name":"Association canadienne des ex-parlementaires","article_modified_time":"2025-07-21T13:20:20+00:00","twitter_card":"summary_large_image","twitter_misc":{"Dur\u00e9e de lecture estim\u00e9e":"1 minute"},"schema":{"@context":"https:\/\/schema.org","@graph":[{"@type":"WebPage","@id":"https:\/\/exparl.ca\/fr\/a-propos-de-nous\/gouvernance\/","url":"https:\/\/exparl.ca\/fr\/a-propos-de-nous\/gouvernance\/","name":"Gouvernance | Association canadienne des ex-parlementaires","isPartOf":{"@id":"https:\/\/exparl.ca\/#website"},"datePublished":"2018-05-03T16:37:39+00:00","dateModified":"2025-07-21T13:20:20+00:00","breadcrumb":{"@id":"https:\/\/exparl.ca\/fr\/a-propos-de-nous\/gouvernance\/#breadcrumb"},"inLanguage":"fr-FR","potentialAction":[{"@type":"ReadAction","target":["https:\/\/exparl.ca\/fr\/a-propos-de-nous\/gouvernance\/"]}]},{"@type":"BreadcrumbList","@id":"https:\/\/exparl.ca\/fr\/a-propos-de-nous\/gouvernance\/#breadcrumb","itemListElement":[{"@type":"ListItem","position":1,"name":"Home","item":"https:\/\/exparl.ca\/fr\/home\/"},{"@type":"ListItem","position":2,"name":"\u00c0 propos de nous","item":"https:\/\/exparl.ca\/fr\/a-propos-de-nous\/"},{"@type":"ListItem","position":3,"name":"Gouvernance"}]},{"@type":"WebSite","@id":"https:\/\/exparl.ca\/#website","url":"https:\/\/exparl.ca\/","name":"Association canadienne des ex-parlementaires","description":"Association canadienne des ex-parlementaires","potentialAction":[{"@type":"SearchAction","target":{"@type":"EntryPoint","urlTemplate":"https:\/\/exparl.ca\/?s={search_term_string}"},"query-input":{"@type":"PropertyValueSpecification","valueRequired":true,"valueName":"search_term_string"}}],"inLanguage":"fr-FR"}]}},"_links":{"self":[{"href":"https:\/\/exparl.ca\/fr\/wp-json\/wp\/v2\/pages\/638","targetHints":{"allow":["GET"]}}],"collection":[{"href":"https:\/\/exparl.ca\/fr\/wp-json\/wp\/v2\/pages"}],"about":[{"href":"https:\/\/exparl.ca\/fr\/wp-json\/wp\/v2\/types\/page"}],"author":[{"embeddable":true,"href":"https:\/\/exparl.ca\/fr\/wp-json\/wp\/v2\/users\/1"}],"replies":[{"embeddable":true,"href":"https:\/\/exparl.ca\/fr\/wp-json\/wp\/v2\/comments?post=638"}],"version-history":[{"count":0,"href":"https:\/\/exparl.ca\/fr\/wp-json\/wp\/v2\/pages\/638\/revisions"}],"up":[{"embeddable":true,"href":"https:\/\/exparl.ca\/fr\/wp-json\/wp\/v2\/pages\/598"}],"wp:attachment":[{"href":"https:\/\/exparl.ca\/fr\/wp-json\/wp\/v2\/media?parent=638"}],"curies":[{"name":"wp","href":"https:\/\/api.w.org\/{rel}","templated":true}]}}