{"id":641,"date":"2018-05-03T16:37:22","date_gmt":"2018-05-03T20:37:22","guid":{"rendered":"https:\/\/exparl.ca\/a-propos-de-nous\/staff-and-administration\/"},"modified":"2026-02-02T14:17:11","modified_gmt":"2026-02-02T19:17:11","slug":"personnel-et-administration","status":"publish","type":"page","link":"https:\/\/exparl.ca\/fr\/a-propos-de-nous\/personnel-et-administration\/","title":{"rendered":"Personnel et administration"},"content":{"rendered":"<div class=\"wpb-content-wrapper\"><p>[vc_row el_class=\u00a0\u00bbpage_panel calling_panel\u00a0\u00bb css=\u00a0\u00bb.vc_custom_1525970064066{background-image: url(https:\/\/exparl.ca\/wp-content\/uploads\/2018\/05\/CAFP_WhoWeAre_02.jpg?id=154) !important;}\u00a0\u00bb][vc_column][vc_row_inner el_class=\u00a0\u00bbinner-container\u00a0\u00bb][vc_column_inner][vc_column_text]L\u2019administration de l\u2019ACEP est assur\u00e9e par une petite \u00e9quipe de soutien.[\/vc_column_text][\/vc_column_inner][\/vc_row_inner][\/vc_column][\/vc_row][vc_row el_class=\u00a0\u00bbpage_panel\u00a0\u00bb][vc_column][vc_row_inner el_class=\u00a0\u00bbinner-container\u00a0\u00bb][vc_column_inner][vc_column_text]<\/p>\n<div>\n<h2>Annie Bourbonnais et Carolina Moore, agents logistiques<\/h2>\n<\/div>\n<p>Annie Bourbonnais et Carolina Moore sont des agents logistiques exp\u00e9riment\u00e9s de la Chambre des communes et s&rsquo;assurent que notre association et la Fondation \u00e9ducative fonctionnent sans heurts.<\/p>\n<p>&nbsp;<\/p>\n<h2>Hugo Laviolette, adjoint administrative<\/h2>\n<p>[\/vc_column_text][\/vc_column_inner][\/vc_row_inner][\/vc_column][\/vc_row]<\/p>\n<\/div>","protected":false},"excerpt":{"rendered":"<p>[vc_row el_class=\u00a0\u00bbpage_panel calling_panel\u00a0\u00bb css=\u00a0\u00bb.vc_custom_1525970064066{background-image: url(https:\/\/exparl.ca\/wp-content\/uploads\/2018\/05\/CAFP_WhoWeAre_02.jpg?id=154) !important;}\u00a0\u00bb][vc_column][vc_row_inner el_class=\u00a0\u00bbinner-container\u00a0\u00bb][vc_column_inner][vc_column_text]L\u2019administration de l\u2019ACEP est assur\u00e9e par une petite \u00e9quipe de soutien.[\/vc_column_text][\/vc_column_inner][\/vc_row_inner][\/vc_column][\/vc_row][vc_row el_class=\u00a0\u00bbpage_panel\u00a0\u00bb][vc_column][vc_row_inner el_class=\u00a0\u00bbinner-container\u00a0\u00bb][vc_column_inner][vc_column_text] Annie Bourbonnais et Carolina Moore, agents logistiques Annie Bourbonnais et Carolina Moore sont des agents logistiques exp\u00e9riment\u00e9s de la Chambre des communes et s&rsquo;assurent que notre association et la Fondation \u00e9ducative fonctionnent sans heurts. &nbsp; Hugo&#8230;<\/p>\n","protected":false},"author":1,"featured_media":0,"parent":598,"menu_order":0,"comment_status":"closed","ping_status":"closed","template":"","meta":{"_acf_changed":false,"footnotes":""},"class_list":["post-641","page","type-page","status-publish","hentry"],"acf":[],"yoast_head":"<!-- This site is optimized with the Yoast SEO plugin v27.6 - https:\/\/yoast.com\/product\/yoast-seo-wordpress\/ -->\n<title>Personnel et administration | Association canadienne des ex-parlementaires<\/title>\n<meta name=\"robots\" content=\"index, follow, max-snippet:-1, max-image-preview:large, max-video-preview:-1\" \/>\n<link rel=\"canonical\" href=\"https:\/\/exparl.ca\/fr\/a-propos-de-nous\/personnel-et-administration\/\" \/>\n<meta property=\"og:locale\" content=\"fr_FR\" \/>\n<meta property=\"og:type\" content=\"article\" \/>\n<meta property=\"og:title\" content=\"Personnel et administration | Association canadienne des ex-parlementaires\" \/>\n<meta property=\"og:description\" content=\"[vc_row el_class=\u00a0\u00bbpage_panel calling_panel\u00a0\u00bb css=\u00a0\u00bb.vc_custom_1525970064066{background-image: url(https:\/\/exparl.ca\/wp-content\/uploads\/2018\/05\/CAFP_WhoWeAre_02.jpg?id=154) !important;}\u00a0\u00bb][vc_column][vc_row_inner el_class=\u00a0\u00bbinner-container\u00a0\u00bb][vc_column_inner][vc_column_text]L\u2019administration de l\u2019ACEP est assur\u00e9e par une petite \u00e9quipe de soutien.[\/vc_column_text][\/vc_column_inner][\/vc_row_inner][\/vc_column][\/vc_row][vc_row el_class=\u00a0\u00bbpage_panel\u00a0\u00bb][vc_column][vc_row_inner el_class=\u00a0\u00bbinner-container\u00a0\u00bb][vc_column_inner][vc_column_text] Annie Bourbonnais et Carolina Moore, agents logistiques Annie Bourbonnais et Carolina Moore sont des agents logistiques exp\u00e9riment\u00e9s de la Chambre des communes et s&rsquo;assurent que notre association et la Fondation \u00e9ducative fonctionnent sans heurts. &nbsp; Hugo...\" \/>\n<meta property=\"og:url\" content=\"https:\/\/exparl.ca\/fr\/a-propos-de-nous\/personnel-et-administration\/\" \/>\n<meta property=\"og:site_name\" content=\"Association canadienne des ex-parlementaires\" \/>\n<meta property=\"article:modified_time\" content=\"2026-02-02T19:17:11+00:00\" \/>\n<meta name=\"twitter:card\" content=\"summary_large_image\" \/>\n<meta name=\"twitter:label1\" content=\"Dur\u00e9e de lecture estim\u00e9e\" \/>\n\t<meta name=\"twitter:data1\" content=\"1 minute\" \/>\n<script type=\"application\/ld+json\" class=\"yoast-schema-graph\">{\"@context\":\"https:\\\/\\\/schema.org\",\"@graph\":[{\"@type\":\"WebPage\",\"@id\":\"https:\\\/\\\/exparl.ca\\\/fr\\\/a-propos-de-nous\\\/personnel-et-administration\\\/\",\"url\":\"https:\\\/\\\/exparl.ca\\\/fr\\\/a-propos-de-nous\\\/personnel-et-administration\\\/\",\"name\":\"Personnel et administration | Association canadienne des ex-parlementaires\",\"isPartOf\":{\"@id\":\"https:\\\/\\\/exparl.ca\\\/#website\"},\"datePublished\":\"2018-05-03T20:37:22+00:00\",\"dateModified\":\"2026-02-02T19:17:11+00:00\",\"breadcrumb\":{\"@id\":\"https:\\\/\\\/exparl.ca\\\/fr\\\/a-propos-de-nous\\\/personnel-et-administration\\\/#breadcrumb\"},\"inLanguage\":\"fr-FR\",\"potentialAction\":[{\"@type\":\"ReadAction\",\"target\":[\"https:\\\/\\\/exparl.ca\\\/fr\\\/a-propos-de-nous\\\/personnel-et-administration\\\/\"]}]},{\"@type\":\"BreadcrumbList\",\"@id\":\"https:\\\/\\\/exparl.ca\\\/fr\\\/a-propos-de-nous\\\/personnel-et-administration\\\/#breadcrumb\",\"itemListElement\":[{\"@type\":\"ListItem\",\"position\":1,\"name\":\"Home\",\"item\":\"https:\\\/\\\/exparl.ca\\\/fr\\\/home\\\/\"},{\"@type\":\"ListItem\",\"position\":2,\"name\":\"\u00c0 propos de nous\",\"item\":\"https:\\\/\\\/exparl.ca\\\/fr\\\/a-propos-de-nous\\\/\"},{\"@type\":\"ListItem\",\"position\":3,\"name\":\"Personnel et administration\"}]},{\"@type\":\"WebSite\",\"@id\":\"https:\\\/\\\/exparl.ca\\\/#website\",\"url\":\"https:\\\/\\\/exparl.ca\\\/\",\"name\":\"Association canadienne des ex-parlementaires\",\"description\":\"Association canadienne des ex-parlementaires\",\"potentialAction\":[{\"@type\":\"SearchAction\",\"target\":{\"@type\":\"EntryPoint\",\"urlTemplate\":\"https:\\\/\\\/exparl.ca\\\/?s={search_term_string}\"},\"query-input\":{\"@type\":\"PropertyValueSpecification\",\"valueRequired\":true,\"valueName\":\"search_term_string\"}}],\"inLanguage\":\"fr-FR\"}]}<\/script>\n<!-- \/ Yoast SEO plugin. -->","yoast_head_json":{"title":"Personnel et administration | Association canadienne des ex-parlementaires","robots":{"index":"index","follow":"follow","max-snippet":"max-snippet:-1","max-image-preview":"max-image-preview:large","max-video-preview":"max-video-preview:-1"},"canonical":"https:\/\/exparl.ca\/fr\/a-propos-de-nous\/personnel-et-administration\/","og_locale":"fr_FR","og_type":"article","og_title":"Personnel et administration | Association canadienne des ex-parlementaires","og_description":"[vc_row el_class=\u00a0\u00bbpage_panel calling_panel\u00a0\u00bb css=\u00a0\u00bb.vc_custom_1525970064066{background-image: url(https:\/\/exparl.ca\/wp-content\/uploads\/2018\/05\/CAFP_WhoWeAre_02.jpg?id=154) !important;}\u00a0\u00bb][vc_column][vc_row_inner el_class=\u00a0\u00bbinner-container\u00a0\u00bb][vc_column_inner][vc_column_text]L\u2019administration de l\u2019ACEP est assur\u00e9e par une petite \u00e9quipe de soutien.[\/vc_column_text][\/vc_column_inner][\/vc_row_inner][\/vc_column][\/vc_row][vc_row el_class=\u00a0\u00bbpage_panel\u00a0\u00bb][vc_column][vc_row_inner el_class=\u00a0\u00bbinner-container\u00a0\u00bb][vc_column_inner][vc_column_text] Annie Bourbonnais et Carolina Moore, agents logistiques Annie Bourbonnais et Carolina Moore sont des agents logistiques exp\u00e9riment\u00e9s de la Chambre des communes et s&rsquo;assurent que notre association et la Fondation \u00e9ducative fonctionnent sans heurts. &nbsp; Hugo...","og_url":"https:\/\/exparl.ca\/fr\/a-propos-de-nous\/personnel-et-administration\/","og_site_name":"Association canadienne des ex-parlementaires","article_modified_time":"2026-02-02T19:17:11+00:00","twitter_card":"summary_large_image","twitter_misc":{"Dur\u00e9e de lecture estim\u00e9e":"1 minute"},"schema":{"@context":"https:\/\/schema.org","@graph":[{"@type":"WebPage","@id":"https:\/\/exparl.ca\/fr\/a-propos-de-nous\/personnel-et-administration\/","url":"https:\/\/exparl.ca\/fr\/a-propos-de-nous\/personnel-et-administration\/","name":"Personnel et administration | Association canadienne des ex-parlementaires","isPartOf":{"@id":"https:\/\/exparl.ca\/#website"},"datePublished":"2018-05-03T20:37:22+00:00","dateModified":"2026-02-02T19:17:11+00:00","breadcrumb":{"@id":"https:\/\/exparl.ca\/fr\/a-propos-de-nous\/personnel-et-administration\/#breadcrumb"},"inLanguage":"fr-FR","potentialAction":[{"@type":"ReadAction","target":["https:\/\/exparl.ca\/fr\/a-propos-de-nous\/personnel-et-administration\/"]}]},{"@type":"BreadcrumbList","@id":"https:\/\/exparl.ca\/fr\/a-propos-de-nous\/personnel-et-administration\/#breadcrumb","itemListElement":[{"@type":"ListItem","position":1,"name":"Home","item":"https:\/\/exparl.ca\/fr\/home\/"},{"@type":"ListItem","position":2,"name":"\u00c0 propos de nous","item":"https:\/\/exparl.ca\/fr\/a-propos-de-nous\/"},{"@type":"ListItem","position":3,"name":"Personnel et administration"}]},{"@type":"WebSite","@id":"https:\/\/exparl.ca\/#website","url":"https:\/\/exparl.ca\/","name":"Association canadienne des ex-parlementaires","description":"Association canadienne des ex-parlementaires","potentialAction":[{"@type":"SearchAction","target":{"@type":"EntryPoint","urlTemplate":"https:\/\/exparl.ca\/?s={search_term_string}"},"query-input":{"@type":"PropertyValueSpecification","valueRequired":true,"valueName":"search_term_string"}}],"inLanguage":"fr-FR"}]}},"_links":{"self":[{"href":"https:\/\/exparl.ca\/fr\/wp-json\/wp\/v2\/pages\/641","targetHints":{"allow":["GET"]}}],"collection":[{"href":"https:\/\/exparl.ca\/fr\/wp-json\/wp\/v2\/pages"}],"about":[{"href":"https:\/\/exparl.ca\/fr\/wp-json\/wp\/v2\/types\/page"}],"author":[{"embeddable":true,"href":"https:\/\/exparl.ca\/fr\/wp-json\/wp\/v2\/users\/1"}],"replies":[{"embeddable":true,"href":"https:\/\/exparl.ca\/fr\/wp-json\/wp\/v2\/comments?post=641"}],"version-history":[{"count":0,"href":"https:\/\/exparl.ca\/fr\/wp-json\/wp\/v2\/pages\/641\/revisions"}],"up":[{"embeddable":true,"href":"https:\/\/exparl.ca\/fr\/wp-json\/wp\/v2\/pages\/598"}],"wp:attachment":[{"href":"https:\/\/exparl.ca\/fr\/wp-json\/wp\/v2\/media?parent=641"}],"curies":[{"name":"wp","href":"https:\/\/api.w.org\/{rel}","templated":true}]}}