{"id":644,"date":"2018-05-04T14:46:58","date_gmt":"2018-05-04T18:46:58","guid":{"rendered":"https:\/\/exparl.ca\/what-we-do\/"},"modified":"2023-07-25T09:47:33","modified_gmt":"2023-07-25T13:47:33","slug":"ce-que-nous-faisons","status":"publish","type":"page","link":"https:\/\/exparl.ca\/fr\/ce-que-nous-faisons\/","title":{"rendered":"Ce que nous faisons"},"content":{"rendered":"<div class=\"wpb-content-wrapper\"><p>[vc_row el_class=\u00a0\u00bbpage_panel panel_has_bg calling_panel\u00a0\u00bb css=\u00a0\u00bb.vc_custom_1525459818529{background-image: url(https:\/\/exparl.ca\/wp-content\/uploads\/2018\/05\/CAFP_WhoWeAre_02.jpg?id=154) !important;background-position: 0 0 !important;background-repeat: no-repeat !important;}\u00a0\u00bb][vc_column][vc_row_inner el_class=\u00a0\u00bbinner-container\u00a0\u00bb][vc_column_inner][vc_column_text]L\u2019ACEP met en valeur les capacit\u00e9s et les r\u00e9alisations des anciens parlementaires, organise des activit\u00e9s qui rassemblent les membres et leur donne l&rsquo;occasion de contribuer \u00e0 la d\u00e9mocratie parlementaire au Canada et \u00e0 l&rsquo;\u00e9tranger.[\/vc_column_text][\/vc_column_inner][\/vc_row_inner][\/vc_column][\/vc_row][vc_row el_class=\u00a0\u00bbpage_panel text_only_panel\u00a0\u00bb][vc_column][vc_row_inner el_class=\u00a0\u00bbinner-container\u00a0\u00bb][vc_column_inner][vc_column_text]<\/p>\n<h3><strong>\u00c9nonc\u00e9 de mission<\/strong><\/h3>\n<p>La mission de l\u2019Association canadienne des ex-parlementaires (ACEP) est de promouvoir et de faire progresser les valeurs de la d\u00e9mocratie, le leadership et les services publics en soutenant et en mobilisant les anciens s\u00e9nateurs et d\u00e9put\u00e9s dans leurs vies post-parlementaires.<\/p>\n<h3><strong>Ce que nous faisons<\/strong><\/h3>\n<p>Nous nous effor\u00e7ons de favoriser une communaut\u00e9 de respect mutuel, de coll\u00e9gialit\u00e9 et d\u2019apprentissage continu parmi les ex-parlementaires, tout en d\u00e9fendant l\u2019importance des institutions d\u00e9mocratiques et le r\u00f4le des parlementaires dans la promotion des valeurs d\u00e9mocratiques du Canada et le bien-\u00eatre de ses citoyens. Notre objectif est d\u2019offrir \u00e0 nos membres la possibilit\u00e9 de partager leurs connaissances, leur exp\u00e9rience et leur expertise, mais aussi de promouvoir la compr\u00e9hension publique du processus parlementaire et de l\u2019importance de la gouvernance d\u00e9mocratique au Canada.<\/p>\n<h2>\u00c9v\u00e9nements et voyages d\u2019\u00e9tudes<\/h2>\n<p>Les membres peuvent participer \u00e0 des \u00e9v\u00e9nements et y faire du r\u00e9seautage, comme lors de l\u2019assembl\u00e9e g\u00e9n\u00e9rale annuelle de l\u2019ACEP, ainsi que des r\u00e9ceptions et des r\u00e9unions r\u00e9gionales organis\u00e9es d\u2019un bout \u00e0 l\u2019autre du Canada. Les membres ont la possibilit\u00e9 de participer \u00e0 des voyages d\u2019\u00e9tudes \u00e0 l\u2019\u00e9tranger pour acqu\u00e9rir et partager des connaissances sur la d\u00e9mocratie, le gouvernement et les affaires publiques. Veuillez consulter notre page <a href=\"https:\/\/exparl.ca\/fr\/ce-que-nous-faisons\/evenements\/\">\u00c9v\u00e9nements<\/a> pour prendre connaissance des activit\u00e9s \u00e0 venir et pour vous y inscrire.<\/p>\n<h2><strong>Assurances<\/strong><\/h2>\n<p>Assurances Cooperative auto-habitation (pour plus d&rsquo;information cliquez <strong><a href=\"https:\/\/exparl.ca\/wp-content\/uploads\/2020\/06\/Cooperators-auto-habitation-F.pdf\">ici.<\/a><\/strong>)<\/p>\n<p>Assurances de voyage MEDOC (pour plus d&rsquo;information cliquez\u00a0<a href=\"https:\/\/exparl.ca\/wp-content\/uploads\/2020\/06\/MEDOC-Assurance-Voyage-f.pdf\">ici.<\/a>)<\/p>\n<h2><em>Pour plus d&rsquo;informations sur les b\u00e9n\u00e9fices cliquez <a href=\"https:\/\/exparl.ca\/wp-content\/uploads\/2021\/03\/Benefits-of-Membership-f.pdf\">ici.<\/a><\/em><\/h2>\n<h2>Bureau des conf\u00e9renciers<\/h2>\n<p>Nos membres connaissent bien le processus politique et les institutions de la d\u00e9mocratie au Canada. De plus, gr\u00e2ce \u00e0 leur exp\u00e9rience au Parlement, ils poss\u00e8dent des connaissances approfondies sur un large \u00e9ventail de questions de politique publique. Bon nombre d\u2019entre eux sont de brillants auteurs et des conf\u00e9renciers publics.<\/p>\n<p>Si vous \u00eates \u00e0 la recherche d\u2019un conf\u00e9rencier, d\u2019un mod\u00e9rateur ou d\u2019un expert pour une activit\u00e9 \u00e9ducative, une r\u00e9union professionnelle ou une conf\u00e9rence, n\u2019h\u00e9sitez pas \u00e0 consulter notre <a href=\"https:\/\/exparl.ca\/fr\/ce-que-nous-faisons\/bureau-des-conferenciers\/\">Bureau des conf\u00e9renciers<\/a>. Vous y trouverez le conf\u00e9rencier parfait qui saura attirer l\u2019attention de votre auditoire.<\/p>\n<h2>Publications<\/h2>\n<p>L\u2019Association publie un magazine intitul\u00e9 Suite \u00e0 la Colline. De plus, le directeur ex\u00e9cutif tient un blogue, o\u00f9 il offre r\u00e9guli\u00e8rement des nouvelles et de l\u2019information sur l\u2019Association et ses membres.[\/vc_column_text][\/vc_column_inner][\/vc_row_inner][\/vc_column][\/vc_row][vc_row el_class=\u00a0\u00bbpage_panel panel_has_bg calling_panel\u00a0\u00bb css=\u00a0\u00bb.vc_custom_1525459818529{background-image: url(https:\/\/exparl.ca\/wp-content\/uploads\/2018\/05\/CAFP_WhoWeAre_02.jpg?id=154) !important;background-position: 0 0 !important;background-repeat: no-repeat !important;}\u00a0\u00bb][vc_column][vc_row_inner el_class=\u00a0\u00bbinner-container\u00a0\u00bb][vc_column_inner][vc_column_text]Si vous \u00eates un ex-parlementaire et souhaitez devenir membre actif, veuillez nous contacter \u00e0 <a href=\"mailto:exparl@parl.gc.ca\">exparl@parl.gc.ca<\/a> ou t\u00e9l\u00e9phoner au 613-947-1690 or sans frais 1-888-567-4764.[\/vc_column_text][\/vc_column_inner][\/vc_row_inner][\/vc_column][\/vc_row]<\/p>\n<\/div>","protected":false},"excerpt":{"rendered":"<p>[vc_row el_class=\u00a0\u00bbpage_panel panel_has_bg calling_panel\u00a0\u00bb css=\u00a0\u00bb.vc_custom_1525459818529{background-image: url(https:\/\/exparl.ca\/wp-content\/uploads\/2018\/05\/CAFP_WhoWeAre_02.jpg?id=154) !important;background-position: 0 0 !important;background-repeat: no-repeat !important;}\u00a0\u00bb][vc_column][vc_row_inner el_class=\u00a0\u00bbinner-container\u00a0\u00bb][vc_column_inner][vc_column_text]L\u2019ACEP met en valeur les capacit\u00e9s et les r\u00e9alisations des anciens parlementaires, organise des activit\u00e9s qui rassemblent les membres et leur donne l&rsquo;occasion de contribuer \u00e0 la d\u00e9mocratie parlementaire au Canada et \u00e0 l&rsquo;\u00e9tranger.[\/vc_column_text][\/vc_column_inner][\/vc_row_inner][\/vc_column][\/vc_row][vc_row el_class=\u00a0\u00bbpage_panel text_only_panel\u00a0\u00bb][vc_column][vc_row_inner el_class=\u00a0\u00bbinner-container\u00a0\u00bb][vc_column_inner][vc_column_text] \u00c9nonc\u00e9 de mission La mission de&#8230;<\/p>\n","protected":false},"author":1,"featured_media":0,"parent":0,"menu_order":0,"comment_status":"closed","ping_status":"closed","template":"","meta":{"_acf_changed":false,"footnotes":""},"class_list":["post-644","page","type-page","status-publish","hentry"],"acf":[],"yoast_head":"<!-- This site is optimized with the Yoast SEO plugin v27.3 - https:\/\/yoast.com\/product\/yoast-seo-wordpress\/ -->\n<title>Ce que nous faisons | Association canadienne des ex-parlementaires<\/title>\n<meta name=\"robots\" content=\"index, follow, max-snippet:-1, max-image-preview:large, max-video-preview:-1\" \/>\n<link rel=\"canonical\" href=\"https:\/\/exparl.ca\/fr\/ce-que-nous-faisons\/\" \/>\n<meta property=\"og:locale\" content=\"fr_FR\" \/>\n<meta property=\"og:type\" content=\"article\" \/>\n<meta property=\"og:title\" content=\"Ce que nous faisons | Association canadienne des ex-parlementaires\" \/>\n<meta property=\"og:description\" content=\"[vc_row el_class=\u00a0\u00bbpage_panel panel_has_bg calling_panel\u00a0\u00bb css=\u00a0\u00bb.vc_custom_1525459818529{background-image: url(https:\/\/exparl.ca\/wp-content\/uploads\/2018\/05\/CAFP_WhoWeAre_02.jpg?id=154) !important;background-position: 0 0 !important;background-repeat: no-repeat !important;}\u00a0\u00bb][vc_column][vc_row_inner el_class=\u00a0\u00bbinner-container\u00a0\u00bb][vc_column_inner][vc_column_text]L\u2019ACEP met en valeur les capacit\u00e9s et les r\u00e9alisations des anciens parlementaires, organise des activit\u00e9s qui rassemblent les membres et leur donne l&rsquo;occasion de contribuer \u00e0 la d\u00e9mocratie parlementaire au Canada et \u00e0 l&rsquo;\u00e9tranger.[\/vc_column_text][\/vc_column_inner][\/vc_row_inner][\/vc_column][\/vc_row][vc_row el_class=\u00a0\u00bbpage_panel text_only_panel\u00a0\u00bb][vc_column][vc_row_inner el_class=\u00a0\u00bbinner-container\u00a0\u00bb][vc_column_inner][vc_column_text] \u00c9nonc\u00e9 de mission La mission de...\" \/>\n<meta property=\"og:url\" content=\"https:\/\/exparl.ca\/fr\/ce-que-nous-faisons\/\" \/>\n<meta property=\"og:site_name\" content=\"Association canadienne des ex-parlementaires\" \/>\n<meta property=\"article:modified_time\" content=\"2023-07-25T13:47:33+00:00\" \/>\n<meta name=\"twitter:card\" content=\"summary_large_image\" \/>\n<meta name=\"twitter:label1\" content=\"Dur\u00e9e de lecture estim\u00e9e\" \/>\n\t<meta name=\"twitter:data1\" content=\"2 minutes\" \/>\n<script type=\"application\/ld+json\" class=\"yoast-schema-graph\">{\"@context\":\"https:\\\/\\\/schema.org\",\"@graph\":[{\"@type\":\"WebPage\",\"@id\":\"https:\\\/\\\/exparl.ca\\\/fr\\\/ce-que-nous-faisons\\\/\",\"url\":\"https:\\\/\\\/exparl.ca\\\/fr\\\/ce-que-nous-faisons\\\/\",\"name\":\"Ce que nous faisons | Association canadienne des ex-parlementaires\",\"isPartOf\":{\"@id\":\"https:\\\/\\\/exparl.ca\\\/#website\"},\"datePublished\":\"2018-05-04T18:46:58+00:00\",\"dateModified\":\"2023-07-25T13:47:33+00:00\",\"breadcrumb\":{\"@id\":\"https:\\\/\\\/exparl.ca\\\/fr\\\/ce-que-nous-faisons\\\/#breadcrumb\"},\"inLanguage\":\"fr-FR\",\"potentialAction\":[{\"@type\":\"ReadAction\",\"target\":[\"https:\\\/\\\/exparl.ca\\\/fr\\\/ce-que-nous-faisons\\\/\"]}]},{\"@type\":\"BreadcrumbList\",\"@id\":\"https:\\\/\\\/exparl.ca\\\/fr\\\/ce-que-nous-faisons\\\/#breadcrumb\",\"itemListElement\":[{\"@type\":\"ListItem\",\"position\":1,\"name\":\"Home\",\"item\":\"https:\\\/\\\/exparl.ca\\\/fr\\\/home\\\/\"},{\"@type\":\"ListItem\",\"position\":2,\"name\":\"Ce que nous faisons\"}]},{\"@type\":\"WebSite\",\"@id\":\"https:\\\/\\\/exparl.ca\\\/#website\",\"url\":\"https:\\\/\\\/exparl.ca\\\/\",\"name\":\"Association canadienne des ex-parlementaires\",\"description\":\"Association canadienne des ex-parlementaires\",\"potentialAction\":[{\"@type\":\"SearchAction\",\"target\":{\"@type\":\"EntryPoint\",\"urlTemplate\":\"https:\\\/\\\/exparl.ca\\\/?s={search_term_string}\"},\"query-input\":{\"@type\":\"PropertyValueSpecification\",\"valueRequired\":true,\"valueName\":\"search_term_string\"}}],\"inLanguage\":\"fr-FR\"}]}<\/script>\n<!-- \/ Yoast SEO plugin. -->","yoast_head_json":{"title":"Ce que nous faisons | Association canadienne des ex-parlementaires","robots":{"index":"index","follow":"follow","max-snippet":"max-snippet:-1","max-image-preview":"max-image-preview:large","max-video-preview":"max-video-preview:-1"},"canonical":"https:\/\/exparl.ca\/fr\/ce-que-nous-faisons\/","og_locale":"fr_FR","og_type":"article","og_title":"Ce que nous faisons | Association canadienne des ex-parlementaires","og_description":"[vc_row el_class=\u00a0\u00bbpage_panel panel_has_bg calling_panel\u00a0\u00bb css=\u00a0\u00bb.vc_custom_1525459818529{background-image: url(https:\/\/exparl.ca\/wp-content\/uploads\/2018\/05\/CAFP_WhoWeAre_02.jpg?id=154) !important;background-position: 0 0 !important;background-repeat: no-repeat !important;}\u00a0\u00bb][vc_column][vc_row_inner el_class=\u00a0\u00bbinner-container\u00a0\u00bb][vc_column_inner][vc_column_text]L\u2019ACEP met en valeur les capacit\u00e9s et les r\u00e9alisations des anciens parlementaires, organise des activit\u00e9s qui rassemblent les membres et leur donne l&rsquo;occasion de contribuer \u00e0 la d\u00e9mocratie parlementaire au Canada et \u00e0 l&rsquo;\u00e9tranger.[\/vc_column_text][\/vc_column_inner][\/vc_row_inner][\/vc_column][\/vc_row][vc_row el_class=\u00a0\u00bbpage_panel text_only_panel\u00a0\u00bb][vc_column][vc_row_inner el_class=\u00a0\u00bbinner-container\u00a0\u00bb][vc_column_inner][vc_column_text] \u00c9nonc\u00e9 de mission La mission de...","og_url":"https:\/\/exparl.ca\/fr\/ce-que-nous-faisons\/","og_site_name":"Association canadienne des ex-parlementaires","article_modified_time":"2023-07-25T13:47:33+00:00","twitter_card":"summary_large_image","twitter_misc":{"Dur\u00e9e de lecture estim\u00e9e":"2 minutes"},"schema":{"@context":"https:\/\/schema.org","@graph":[{"@type":"WebPage","@id":"https:\/\/exparl.ca\/fr\/ce-que-nous-faisons\/","url":"https:\/\/exparl.ca\/fr\/ce-que-nous-faisons\/","name":"Ce que nous faisons | Association canadienne des ex-parlementaires","isPartOf":{"@id":"https:\/\/exparl.ca\/#website"},"datePublished":"2018-05-04T18:46:58+00:00","dateModified":"2023-07-25T13:47:33+00:00","breadcrumb":{"@id":"https:\/\/exparl.ca\/fr\/ce-que-nous-faisons\/#breadcrumb"},"inLanguage":"fr-FR","potentialAction":[{"@type":"ReadAction","target":["https:\/\/exparl.ca\/fr\/ce-que-nous-faisons\/"]}]},{"@type":"BreadcrumbList","@id":"https:\/\/exparl.ca\/fr\/ce-que-nous-faisons\/#breadcrumb","itemListElement":[{"@type":"ListItem","position":1,"name":"Home","item":"https:\/\/exparl.ca\/fr\/home\/"},{"@type":"ListItem","position":2,"name":"Ce que nous faisons"}]},{"@type":"WebSite","@id":"https:\/\/exparl.ca\/#website","url":"https:\/\/exparl.ca\/","name":"Association canadienne des ex-parlementaires","description":"Association canadienne des ex-parlementaires","potentialAction":[{"@type":"SearchAction","target":{"@type":"EntryPoint","urlTemplate":"https:\/\/exparl.ca\/?s={search_term_string}"},"query-input":{"@type":"PropertyValueSpecification","valueRequired":true,"valueName":"search_term_string"}}],"inLanguage":"fr-FR"}]}},"_links":{"self":[{"href":"https:\/\/exparl.ca\/fr\/wp-json\/wp\/v2\/pages\/644","targetHints":{"allow":["GET"]}}],"collection":[{"href":"https:\/\/exparl.ca\/fr\/wp-json\/wp\/v2\/pages"}],"about":[{"href":"https:\/\/exparl.ca\/fr\/wp-json\/wp\/v2\/types\/page"}],"author":[{"embeddable":true,"href":"https:\/\/exparl.ca\/fr\/wp-json\/wp\/v2\/users\/1"}],"replies":[{"embeddable":true,"href":"https:\/\/exparl.ca\/fr\/wp-json\/wp\/v2\/comments?post=644"}],"version-history":[{"count":0,"href":"https:\/\/exparl.ca\/fr\/wp-json\/wp\/v2\/pages\/644\/revisions"}],"wp:attachment":[{"href":"https:\/\/exparl.ca\/fr\/wp-json\/wp\/v2\/media?parent=644"}],"curies":[{"name":"wp","href":"https:\/\/api.w.org\/{rel}","templated":true}]}}