{"id":657,"date":"2018-05-04T14:57:07","date_gmt":"2018-05-04T18:57:07","guid":{"rendered":"https:\/\/exparl.ca\/ce-que-nous-faisons\/resources\/"},"modified":"2020-03-31T15:25:09","modified_gmt":"2020-03-31T19:25:09","slug":"ressources","status":"publish","type":"page","link":"https:\/\/exparl.ca\/fr\/ce-que-nous-faisons\/ressources\/","title":{"rendered":"Ressources"},"content":{"rendered":"<div class=\"wpb-content-wrapper\"><p>[vc_row el_class=\u00a0\u00bbpage_panel\u00a0\u00bb][vc_column][vc_row_inner el_class=\u00a0\u00bbinner-container\u00a0\u00bb][vc_column_inner][vc_column_text]<\/p>\n<h2>\u00c0 propos du Parlement et du gouvernement au Canada\u00a0:<\/h2>\n<ul>\n<li><a href=\"https:\/\/www.parl.ca\/\" target=\"_blank\" rel=\"noopener noreferrer\">Parlement du Canada<\/a><\/li>\n<li><a href=\"https:\/\/bdp.parl.ca\/About\/Library\/VirtualLibrary\/library-of-parliament-f.html\" target=\"_blank\" rel=\"noopener noreferrer\">Biblioth\u00e8que du Parlement<\/a><\/li>\n<li><a href=\"https:\/\/www.canada.ca\/fr.html\" target=\"_blank\" rel=\"noopener noreferrer\">Gouvernement du Canada<\/a><\/li>\n<li><a href=\"https:\/\/www.gg.ca\/index.aspx?lan=fra\" target=\"_blank\" rel=\"noopener noreferrer\">Gouverneure g\u00e9n\u00e9rale du Canada<\/a><\/li>\n<\/ul>\n<h2>Associations provinciaux:<\/h2>\n<ul>\n<li><a href=\"https:\/\/ontafp.com\/\" target=\"_blank\" rel=\"noopener noreferrer\">Association ontarienne des ex-parlementaires<\/a><\/li>\n<li><a href=\"http:\/\/www.albertafmla.ca\/\"><span style=\"font-weight: 400;\">Association des ex-parlementaire de l&rsquo;Alberta<\/span><\/a><\/li>\n<li><a href=\"https:\/\/www.formerbcmla.com\/\"><span style=\"font-weight: 400;\">Association des ex-parlementaire de la Columbie-Britannique<\/span><\/a><\/li>\n<li><a href=\"http:\/\/www.assnat.qc.ca\/fra\/cepanq\/index.htm\"><span style=\"font-weight: 400;\">Association des ex-parlementaire de l&rsquo;assembl\u00e9e nationale du Qu\u00e9bec<\/span><\/a><\/li>\n<\/ul>\n<h2>Autres associations similaires :<\/h2>\n<ul>\n<li><a href=\"http:\/\/usafmc.org\/\" target=\"_blank\" rel=\"noopener noreferrer\">United States Association of Former Members of Congress<\/a><\/li>\n<li><a href=\"http:\/\/www.formermembers.eu\/Default.asp?X=4C9FA5434776736205080711737761040E05147670610208051371797A0807117D79710815667F710C05147C7108146676670A07167A7B720E045A\" target=\"_blank\" rel=\"noopener noreferrer\">Association des anciens d\u00e9put\u00e9s au Parlement europ\u00e9en<\/a><\/li>\n<\/ul>\n<p>[\/vc_column_text][\/vc_column_inner][\/vc_row_inner][\/vc_column][\/vc_row]<\/p>\n<\/div>","protected":false},"excerpt":{"rendered":"<p>[vc_row el_class=\u00a0\u00bbpage_panel\u00a0\u00bb][vc_column][vc_row_inner el_class=\u00a0\u00bbinner-container\u00a0\u00bb][vc_column_inner][vc_column_text] \u00c0 propos du Parlement et du gouvernement au Canada\u00a0: Parlement du Canada Biblioth\u00e8que du Parlement Gouvernement du Canada Gouverneure g\u00e9n\u00e9rale du Canada Associations provinciaux: Association ontarienne des ex-parlementaires Association des ex-parlementaire de l&rsquo;Alberta Association des ex-parlementaire de la Columbie-Britannique Association des ex-parlementaire de l&rsquo;assembl\u00e9e nationale du Qu\u00e9bec Autres associations similaires : United&#8230;<\/p>\n","protected":false},"author":1,"featured_media":0,"parent":644,"menu_order":0,"comment_status":"closed","ping_status":"closed","template":"","meta":{"_acf_changed":false,"footnotes":""},"class_list":["post-657","page","type-page","status-publish","hentry"],"acf":[],"yoast_head":"<!-- This site is optimized with the Yoast SEO plugin v27.3 - https:\/\/yoast.com\/product\/yoast-seo-wordpress\/ -->\n<title>Ressources | Association canadienne des ex-parlementaires<\/title>\n<meta name=\"robots\" content=\"index, follow, max-snippet:-1, max-image-preview:large, max-video-preview:-1\" \/>\n<link rel=\"canonical\" href=\"https:\/\/exparl.ca\/fr\/ce-que-nous-faisons\/ressources\/\" \/>\n<meta property=\"og:locale\" content=\"fr_FR\" \/>\n<meta property=\"og:type\" content=\"article\" \/>\n<meta property=\"og:title\" content=\"Ressources | Association canadienne des ex-parlementaires\" \/>\n<meta property=\"og:description\" content=\"[vc_row el_class=\u00a0\u00bbpage_panel\u00a0\u00bb][vc_column][vc_row_inner el_class=\u00a0\u00bbinner-container\u00a0\u00bb][vc_column_inner][vc_column_text] \u00c0 propos du Parlement et du gouvernement au Canada\u00a0: Parlement du Canada Biblioth\u00e8que du Parlement Gouvernement du Canada Gouverneure g\u00e9n\u00e9rale du Canada Associations provinciaux: Association ontarienne des ex-parlementaires Association des ex-parlementaire de l&rsquo;Alberta Association des ex-parlementaire de la Columbie-Britannique Association des ex-parlementaire de l&rsquo;assembl\u00e9e nationale du Qu\u00e9bec Autres associations similaires : United...\" \/>\n<meta property=\"og:url\" content=\"https:\/\/exparl.ca\/fr\/ce-que-nous-faisons\/ressources\/\" \/>\n<meta property=\"og:site_name\" content=\"Association canadienne des ex-parlementaires\" \/>\n<meta property=\"article:modified_time\" content=\"2020-03-31T19:25:09+00:00\" \/>\n<meta name=\"twitter:card\" content=\"summary_large_image\" \/>\n<meta name=\"twitter:label1\" content=\"Dur\u00e9e de lecture estim\u00e9e\" \/>\n\t<meta name=\"twitter:data1\" content=\"1 minute\" \/>\n<script type=\"application\/ld+json\" class=\"yoast-schema-graph\">{\"@context\":\"https:\\\/\\\/schema.org\",\"@graph\":[{\"@type\":\"WebPage\",\"@id\":\"https:\\\/\\\/exparl.ca\\\/fr\\\/ce-que-nous-faisons\\\/ressources\\\/\",\"url\":\"https:\\\/\\\/exparl.ca\\\/fr\\\/ce-que-nous-faisons\\\/ressources\\\/\",\"name\":\"Ressources | Association canadienne des ex-parlementaires\",\"isPartOf\":{\"@id\":\"https:\\\/\\\/exparl.ca\\\/#website\"},\"datePublished\":\"2018-05-04T18:57:07+00:00\",\"dateModified\":\"2020-03-31T19:25:09+00:00\",\"breadcrumb\":{\"@id\":\"https:\\\/\\\/exparl.ca\\\/fr\\\/ce-que-nous-faisons\\\/ressources\\\/#breadcrumb\"},\"inLanguage\":\"fr-FR\",\"potentialAction\":[{\"@type\":\"ReadAction\",\"target\":[\"https:\\\/\\\/exparl.ca\\\/fr\\\/ce-que-nous-faisons\\\/ressources\\\/\"]}]},{\"@type\":\"BreadcrumbList\",\"@id\":\"https:\\\/\\\/exparl.ca\\\/fr\\\/ce-que-nous-faisons\\\/ressources\\\/#breadcrumb\",\"itemListElement\":[{\"@type\":\"ListItem\",\"position\":1,\"name\":\"Home\",\"item\":\"https:\\\/\\\/exparl.ca\\\/fr\\\/home\\\/\"},{\"@type\":\"ListItem\",\"position\":2,\"name\":\"Ce que nous faisons\",\"item\":\"https:\\\/\\\/exparl.ca\\\/fr\\\/ce-que-nous-faisons\\\/\"},{\"@type\":\"ListItem\",\"position\":3,\"name\":\"Ressources\"}]},{\"@type\":\"WebSite\",\"@id\":\"https:\\\/\\\/exparl.ca\\\/#website\",\"url\":\"https:\\\/\\\/exparl.ca\\\/\",\"name\":\"Association canadienne des ex-parlementaires\",\"description\":\"Association canadienne des ex-parlementaires\",\"potentialAction\":[{\"@type\":\"SearchAction\",\"target\":{\"@type\":\"EntryPoint\",\"urlTemplate\":\"https:\\\/\\\/exparl.ca\\\/?s={search_term_string}\"},\"query-input\":{\"@type\":\"PropertyValueSpecification\",\"valueRequired\":true,\"valueName\":\"search_term_string\"}}],\"inLanguage\":\"fr-FR\"}]}<\/script>\n<!-- \/ Yoast SEO plugin. -->","yoast_head_json":{"title":"Ressources | Association canadienne des ex-parlementaires","robots":{"index":"index","follow":"follow","max-snippet":"max-snippet:-1","max-image-preview":"max-image-preview:large","max-video-preview":"max-video-preview:-1"},"canonical":"https:\/\/exparl.ca\/fr\/ce-que-nous-faisons\/ressources\/","og_locale":"fr_FR","og_type":"article","og_title":"Ressources | Association canadienne des ex-parlementaires","og_description":"[vc_row el_class=\u00a0\u00bbpage_panel\u00a0\u00bb][vc_column][vc_row_inner el_class=\u00a0\u00bbinner-container\u00a0\u00bb][vc_column_inner][vc_column_text] \u00c0 propos du Parlement et du gouvernement au Canada\u00a0: Parlement du Canada Biblioth\u00e8que du Parlement Gouvernement du Canada Gouverneure g\u00e9n\u00e9rale du Canada Associations provinciaux: Association ontarienne des ex-parlementaires Association des ex-parlementaire de l&rsquo;Alberta Association des ex-parlementaire de la Columbie-Britannique Association des ex-parlementaire de l&rsquo;assembl\u00e9e nationale du Qu\u00e9bec Autres associations similaires : United...","og_url":"https:\/\/exparl.ca\/fr\/ce-que-nous-faisons\/ressources\/","og_site_name":"Association canadienne des ex-parlementaires","article_modified_time":"2020-03-31T19:25:09+00:00","twitter_card":"summary_large_image","twitter_misc":{"Dur\u00e9e de lecture estim\u00e9e":"1 minute"},"schema":{"@context":"https:\/\/schema.org","@graph":[{"@type":"WebPage","@id":"https:\/\/exparl.ca\/fr\/ce-que-nous-faisons\/ressources\/","url":"https:\/\/exparl.ca\/fr\/ce-que-nous-faisons\/ressources\/","name":"Ressources | Association canadienne des ex-parlementaires","isPartOf":{"@id":"https:\/\/exparl.ca\/#website"},"datePublished":"2018-05-04T18:57:07+00:00","dateModified":"2020-03-31T19:25:09+00:00","breadcrumb":{"@id":"https:\/\/exparl.ca\/fr\/ce-que-nous-faisons\/ressources\/#breadcrumb"},"inLanguage":"fr-FR","potentialAction":[{"@type":"ReadAction","target":["https:\/\/exparl.ca\/fr\/ce-que-nous-faisons\/ressources\/"]}]},{"@type":"BreadcrumbList","@id":"https:\/\/exparl.ca\/fr\/ce-que-nous-faisons\/ressources\/#breadcrumb","itemListElement":[{"@type":"ListItem","position":1,"name":"Home","item":"https:\/\/exparl.ca\/fr\/home\/"},{"@type":"ListItem","position":2,"name":"Ce que nous faisons","item":"https:\/\/exparl.ca\/fr\/ce-que-nous-faisons\/"},{"@type":"ListItem","position":3,"name":"Ressources"}]},{"@type":"WebSite","@id":"https:\/\/exparl.ca\/#website","url":"https:\/\/exparl.ca\/","name":"Association canadienne des ex-parlementaires","description":"Association canadienne des ex-parlementaires","potentialAction":[{"@type":"SearchAction","target":{"@type":"EntryPoint","urlTemplate":"https:\/\/exparl.ca\/?s={search_term_string}"},"query-input":{"@type":"PropertyValueSpecification","valueRequired":true,"valueName":"search_term_string"}}],"inLanguage":"fr-FR"}]}},"_links":{"self":[{"href":"https:\/\/exparl.ca\/fr\/wp-json\/wp\/v2\/pages\/657","targetHints":{"allow":["GET"]}}],"collection":[{"href":"https:\/\/exparl.ca\/fr\/wp-json\/wp\/v2\/pages"}],"about":[{"href":"https:\/\/exparl.ca\/fr\/wp-json\/wp\/v2\/types\/page"}],"author":[{"embeddable":true,"href":"https:\/\/exparl.ca\/fr\/wp-json\/wp\/v2\/users\/1"}],"replies":[{"embeddable":true,"href":"https:\/\/exparl.ca\/fr\/wp-json\/wp\/v2\/comments?post=657"}],"version-history":[{"count":0,"href":"https:\/\/exparl.ca\/fr\/wp-json\/wp\/v2\/pages\/657\/revisions"}],"up":[{"embeddable":true,"href":"https:\/\/exparl.ca\/fr\/wp-json\/wp\/v2\/pages\/644"}],"wp:attachment":[{"href":"https:\/\/exparl.ca\/fr\/wp-json\/wp\/v2\/media?parent=657"}],"curies":[{"name":"wp","href":"https:\/\/api.w.org\/{rel}","templated":true}]}}