{"id":672,"date":"2018-05-04T16:37:59","date_gmt":"2018-05-04T20:37:59","guid":{"rendered":"https:\/\/exparl.ca\/nouvelles-des-membres\/honours-announcements\/"},"modified":"2018-06-18T12:30:20","modified_gmt":"2018-06-18T16:30:20","slug":"honneurs-et-annonces","status":"publish","type":"page","link":"https:\/\/exparl.ca\/fr\/nouvelles-des-membres\/honneurs-et-annonces\/","title":{"rendered":"Honneurs et Annonces"},"content":{"rendered":"<div class=\"wpb-content-wrapper\"><p>[vc_row el_class=\u00a0\u00bbpage_panel calling_panel\u00a0\u00bb css=\u00a0\u00bb.vc_custom_1525970347215{background-image: url(https:\/\/exparl.ca\/wp-content\/uploads\/2018\/05\/CAFP_WhoWeAre_02.jpg?id=154) !important;}\u00a0\u00bb][vc_column][vc_row_inner el_class=\u00a0\u00bbinner-container\u00a0\u00bb][vc_column_inner][vc_column_text]Nos membres sont des b\u00e2tisseurs communautaires, des experts en la mati\u00e8re et des leaders passionn\u00e9s. Nous sommes heureux de pr\u00e9senter leur travail dans la poursuite de la mission de l\u2019ACEP et pour leurs r\u00e9alisations exceptionnelles au sein des communaut\u00e9s qu&rsquo;ils desservent.[\/vc_column_text][\/vc_column_inner][\/vc_row_inner][\/vc_column][\/vc_row][vc_row el_class=\u00a0\u00bbpage_panel\u00a0\u00bb][vc_column][vc_row_inner el_class=\u00a0\u00bbinner-container\u00a0\u00bb][vc_column_inner width=\u00a0\u00bb2\/3&Prime;][vc_column_text]\n\n\n<div id=\"wpv-view-layout-288\" class=\"js-wpv-view-layout js-wpv-layout-responsive js-wpv-view-layout-288\" data-viewnumber=\"288\" data-pagination=\"{&quot;id&quot;:288,&quot;query&quot;:&quot;normal&quot;,&quot;type&quot;:&quot;disabled&quot;,&quot;effect&quot;:&quot;fade&quot;,&quot;duration&quot;:500,&quot;speed&quot;:5,&quot;pause_on_hover&quot;:&quot;disabled&quot;,&quot;stop_rollover&quot;:&quot;false&quot;,&quot;cache_pages&quot;:&quot;enabled&quot;,&quot;preload_images&quot;:&quot;enabled&quot;,&quot;preload_pages&quot;:&quot;enabled&quot;,&quot;preload_reach&quot;:1,&quot;spinner&quot;:&quot;builtin&quot;,&quot;spinner_image&quot;:&quot;https:\/\/exparl.ca\/wp-content\/plugins\/wp-views\/embedded\/res\/img\/ajax-loader.gif&quot;,&quot;callback_next&quot;:&quot;&quot;,&quot;manage_history&quot;:&quot;enabled&quot;,&quot;has_controls_in_form&quot;:&quot;disabled&quot;,&quot;infinite_tolerance&quot;:&quot;0&quot;,&quot;max_pages&quot;:0,&quot;page&quot;:1,&quot;base_permalink&quot;:&quot;\/fr\/wp-json\/wp\/v2\/pages\/672?wpv_view_count=288&amp;wpv_paged=WPV_PAGE_NUM&quot;,&quot;loop&quot;:{&quot;type&quot;:&quot;&quot;,&quot;name&quot;:&quot;&quot;,&quot;data&quot;:[],&quot;id&quot;:0}}\" data-permalink=\"\/fr\/wp-json\/wp\/v2\/pages\/672?wpv_view_count=288\">\n\n\t\n\t\n<div class=\"article-listing page-view-listing news-listing\">\n\t\n\t\t<article id=\"post-4163\" class=\"entry-item news-category\"><div class=\"post-content cf\"><div class=\"post-header\"><h2 class=\"post-title\"><a href=\"https:\/\/exparl.ca\/fr\/nouvelles\/introduction-de-notre-nouveau-president-matt-decourcey\/\">Introduction de notre nouveau pr\u00e9sident: Matt DeCourcey<\/a><\/h2><\/div><div class=\"taxonomy-list\"><a href=\"https:\/\/exparl.ca\/fr\/news-category\/honneurs-et-annonces\/\">Honneurs et annonces<\/a><\/div><div class=\"post_body_wrapper cf\"><div class=\"post-image\"><img loading=\"lazy\" decoding=\"async\" width=\"400\" height=\"400\" src=\"https:\/\/exparl.ca\/wp-content\/uploads\/2023\/08\/1573745636683-400x400.jpg\" class=\"attachment-custom-featured-image\" alt=\"\" title=\"1573745636683\" style=\"\" srcset=\"https:\/\/exparl.ca\/wp-content\/uploads\/2023\/08\/1573745636683-400x400.jpg 400w, https:\/\/exparl.ca\/wp-content\/uploads\/2023\/08\/1573745636683-300x300.jpg 300w, https:\/\/exparl.ca\/wp-content\/uploads\/2023\/08\/1573745636683-150x150.jpg 150w, https:\/\/exparl.ca\/wp-content\/uploads\/2023\/08\/1573745636683-420x420.jpg 420w, https:\/\/exparl.ca\/wp-content\/uploads\/2023\/08\/1573745636683.jpg 599w\" sizes=\"auto, (max-width: 400px) 100vw, 400px\" \/><\/div><div class=\"post-snippet\"><p class=\"post-date\">2 ao\u00fbt 2023<\/p><p>Matt DeCourcey, pr\u00e9sident, Association Canadienne des ex-parlementaires Matt DeCourcey a \u00e9t\u00e9 d\u00e9put\u00e9 de Fredericton de 2015 \u00e0 2019. Pendant cette p\u00e9riode, il a \u00e9t\u00e9 secr\u00e9taire parlementaire du ministre des Affaires \u00e9trang\u00e8res et secr\u00e9taire parlementaire du ministre de l&rsquo;Immigration, de la\u2026<\/p><a class=\"read-more\" href=\"https:\/\/exparl.ca\/fr\/nouvelles\/introduction-de-notre-nouveau-president-matt-decourcey\/\">Lire plus<span class=\"screen-reader-text\"> Introduction de notre nouveau pr\u00e9sident: Matt DeCourcey<\/span><\/a><\/div><\/div><\/div><\/article>\n\t\n\t\t<article id=\"post-3742\" class=\"entry-item news-category\"><div class=\"post-content cf\"><div class=\"post-header\"><h2 class=\"post-title\"><a href=\"https:\/\/exparl.ca\/fr\/nouvelles\/les-ex-parlementaires-trouvent-de-nouvelles-voies-et-un-nouveau-but-apres-la-politique\/\">Les ex-parlementaires trouvent de nouvelles voies et un nouveau but apr\u00e8s la politique<\/a><\/h2><\/div><div class=\"taxonomy-list\"><a href=\"https:\/\/exparl.ca\/fr\/news-category\/honneurs-et-annonces\/\">Honneurs et annonces<\/a><\/div><div class=\"post_body_wrapper cf\"><div class=\"post-snippet\"><p class=\"post-date\">3 octobre 2022<\/p><p>Un an apr\u00e8s l&rsquo;\u00e9lection f\u00e9d\u00e9rale de 2021 : Les ex-parlementaires trouvent de nouvelles voies et un nouveau but apr\u00e8s la politique Cliquez ici pour lire l&rsquo;article (disponible en anglais seulement): https:\/\/www.cbc.ca\/news\/politics\/former-mps-defeated-1.6599177<\/p><a class=\"read-more\" href=\"https:\/\/exparl.ca\/fr\/nouvelles\/les-ex-parlementaires-trouvent-de-nouvelles-voies-et-un-nouveau-but-apres-la-politique\/\">Lire plus<span class=\"screen-reader-text\"> Les ex-parlementaires trouvent de nouvelles voies et un nouveau but apr\u00e8s la politique<\/span><\/a><\/div><\/div><\/div><\/article>\n\t\n\t\t<article id=\"post-3408\" class=\"entry-item news-category\"><div class=\"post-content cf\"><div class=\"post-header\"><h2 class=\"post-title\"><a href=\"https:\/\/exparl.ca\/fr\/nouvelles\/opportunite-de-redacteur-suite-a-la-colline\/\">Opportunit\u00e9 de r\u00e9dacteur: Suite \u00e0 la colline<\/a><\/h2><\/div><div class=\"taxonomy-list\"><a href=\"https:\/\/exparl.ca\/fr\/news-category\/honneurs-et-annonces\/\">Honneurs et annonces<\/a><\/div><div class=\"post_body_wrapper cf\"><div class=\"post-snippet\"><p class=\"post-date\">7 juin 2022<\/p><p>Souhaitez-vous \u00eatre plus connect\u00e9 sur la Colline ? \u00cates-vous un excellent r\u00e9dacteur ? L&rsquo;Association canadienne des ex-parlementaires est \u00e0 la recherche de trois stagiaires et d&rsquo;un r\u00e9dacteur pour nous aider \u00e0 produire notre revue, Suite \u00e0 la Colline.\u00a0 Les descriptions\u2026<\/p><a class=\"read-more\" href=\"https:\/\/exparl.ca\/fr\/nouvelles\/opportunite-de-redacteur-suite-a-la-colline\/\">Lire plus<span class=\"screen-reader-text\"> Opportunit\u00e9 de r\u00e9dacteur: Suite \u00e0 la colline<\/span><\/a><\/div><\/div><\/div><\/article>\n\t\n\t\t<article id=\"post-3282\" class=\"entry-item news-category\"><div class=\"post-content cf\"><div class=\"post-header\"><h2 class=\"post-title\"><a href=\"https:\/\/exparl.ca\/fr\/nouvelles\/balado-entre-4-ex-parlementaires\/\">Balado entre 4 ex-parlementaires<\/a><\/h2><\/div><div class=\"taxonomy-list\"><a href=\"https:\/\/exparl.ca\/fr\/news-category\/honneurs-et-annonces\/\">Honneurs et annonces<\/a><\/div><div class=\"post_body_wrapper cf\"><div class=\"post-snippet\"><p class=\"post-date\">25 mars 2022<\/p><p>Nous vous invitons \u00e0 \u00e9couter Dorothy Dobbie, l\u2019hon. Peter Kent, l\u2019hon. Herb Breau et Derrek Konrad, donner leur point de vue sur la crise actuelle de l&rsquo;invasion russe en Ukraine:\u00a0https:\/\/www.youtube.com\/watch?v=tceM6aJ9I88<\/p><a class=\"read-more\" href=\"https:\/\/exparl.ca\/fr\/nouvelles\/balado-entre-4-ex-parlementaires\/\">Lire plus<span class=\"screen-reader-text\"> Balado entre 4 ex-parlementaires<\/span><\/a><\/div><\/div><\/div><\/article>\n\t\n\t\t<article id=\"post-2945\" class=\"entry-item news-category\"><div class=\"post-content cf\"><div class=\"post-header\"><h2 class=\"post-title\"><a href=\"https:\/\/exparl.ca\/fr\/nouvelles\/bulletin-de-bonnes-nouvelles\/\">Bulletin de bonnes nouvelles<\/a><\/h2><\/div><div class=\"taxonomy-list\"><a href=\"https:\/\/exparl.ca\/fr\/news-category\/honneurs-et-annonces\/\">Honneurs et annonces<\/a><\/div><div class=\"post_body_wrapper cf\"><div class=\"post-snippet\"><p class=\"post-date\">23 juin 2021<\/p><p>Chers coll\u00e8gues, J\u2019ai \u00e9t\u00e9 extr\u00eamement ravie de recevoir vos commentaires concernant la 1re \u00e9dition de notre bulletin de bonnes nouvelles. En lisant vos commentaires, j\u2019ai compris que je n\u2019\u00e9tais pas la seule \u00e0 avoir besoin de bonnes nouvelles ces jours\u2011ci.\u2026<\/p><a class=\"read-more\" href=\"https:\/\/exparl.ca\/fr\/nouvelles\/bulletin-de-bonnes-nouvelles\/\">Lire plus<span class=\"screen-reader-text\"> Bulletin de bonnes nouvelles<\/span><\/a><\/div><\/div><\/div><\/article>\n\t\n\t\t<div class=\"wpb-content-wrapper\"><article id=\"post-2942\" class=\"entry-item news-category\"><div class=\"post-content cf\"><div class=\"post-header\"><h2 class=\"post-title\"><a href=\"https:\/\/exparl.ca\/fr\/nouvelles\/opportunite-de-stage\/\">Opportunit\u00e9 de stage<\/a><\/h2><\/div><div class=\"taxonomy-list\"><a href=\"https:\/\/exparl.ca\/fr\/news-category\/honneurs-et-annonces\/\">Honneurs et annonces<\/a><\/div><div class=\"post_body_wrapper cf\"><div class=\"post-snippet\"><p class=\"post-date\">18 juin 2021<\/p><p>[vc_row][vc_column][vc_column_text]CAFP recherche deux stagiaires qui seraient int\u00e9ress\u00e9s \u00e0 rejoindre le \u00ab Beyond the Hill \u00bb \u00e9quipe \u00e9ditoriale. Pour plus d&rsquo;informations, cliquez ici.[\/vc_column_text][\/vc_column][\/vc_row]<\/p><a class=\"read-more\" href=\"https:\/\/exparl.ca\/fr\/nouvelles\/opportunite-de-stage\/\">Lire plus<span class=\"screen-reader-text\"> Opportunit\u00e9 de stage<\/span><\/a><\/div><\/div><\/div><\/article><\/div>\n\t\n\t\t<article id=\"post-2753\" class=\"entry-item news-category\"><div class=\"post-content cf\"><div class=\"post-header\"><h2 class=\"post-title\"><a href=\"https:\/\/exparl.ca\/fr\/nouvelles\/lacep-se-joint-aux-partenaires-americains-et-europeens-pour-reclamer-la-democratie-et-le-dialogue\/\">L&rsquo;ACEP se joint aux partenaires am\u00e9ricains et europ\u00e9ens pour r\u00e9clamer \u00ab\u00a0la d\u00e9mocratie et le dialogue\u00a0\u00bb<\/a><\/h2><\/div><div class=\"taxonomy-list\"><a href=\"https:\/\/exparl.ca\/fr\/news-category\/honneurs-et-annonces\/\">Honneurs et annonces<\/a><\/div><div class=\"post_body_wrapper cf\"><div class=\"post-snippet\"><p class=\"post-date\">9 f\u00e9vrier 2021<\/p><p>Pour voir la d\u00e9claration, appuyez ici.<\/p><a class=\"read-more\" href=\"https:\/\/exparl.ca\/fr\/nouvelles\/lacep-se-joint-aux-partenaires-americains-et-europeens-pour-reclamer-la-democratie-et-le-dialogue\/\">Lire plus<span class=\"screen-reader-text\"> L&rsquo;ACEP se joint aux partenaires am\u00e9ricains et europ\u00e9ens pour r\u00e9clamer \u00ab\u00a0la d\u00e9mocratie et le dialogue\u00a0\u00bb<\/span><\/a><\/div><\/div><\/div><\/article>\n\t\n\t\t<article id=\"post-1962\" class=\"entry-item news-category\"><div class=\"post-content cf\"><div class=\"post-header\"><h2 class=\"post-title\"><a href=\"https:\/\/exparl.ca\/fr\/nouvelles\/marlene-catterall-prix-de-reconnaissance-pour-services-exceptionnels-2019\/\">Marlene Catterall -Prix de reconnaissance pour services exceptionnels 2019<\/a><\/h2><\/div><div class=\"taxonomy-list\"><a href=\"https:\/\/exparl.ca\/fr\/news-category\/honneurs-et-annonces\/\">Honneurs et annonces<\/a><\/div><div class=\"post_body_wrapper cf\"><div class=\"post-snippet\"><p class=\"post-date\">4 juin 2019<\/p><p>L\u2019Association canadienne des ex-parlementaires (ACEP) a le plaisir d\u2019annoncer que Marlene Catterall est la r\u00e9cipiendaire du Prix de reconnaissance pour services exceptionnels de 2019. Le prix lui a \u00e9t\u00e9 remis \u00e0 Ottawa le lundi 3 juin par le Pr\u00e9sident du\u2026<\/p><a class=\"read-more\" href=\"https:\/\/exparl.ca\/fr\/nouvelles\/marlene-catterall-prix-de-reconnaissance-pour-services-exceptionnels-2019\/\">Lire plus<span class=\"screen-reader-text\"> Marlene Catterall -Prix de reconnaissance pour services exceptionnels 2019<\/span><\/a><\/div><\/div><\/div><\/article>\n\t\n\t\t<article id=\"post-1967\" class=\"entry-item news-category\"><div class=\"post-content cf\"><div class=\"post-header\"><h2 class=\"post-title\"><a href=\"https:\/\/exparl.ca\/fr\/nouvelles\/lhon-jean-charest-prix-pour-lensemble-de-ses-realisations-2019\/\">L&rsquo;hon. Jean Charest &#8211; Prix pour l\u2019ensemble de ses r\u00e9alisations 2019<\/a><\/h2><\/div><div class=\"taxonomy-list\"><a href=\"https:\/\/exparl.ca\/fr\/news-category\/honneurs-et-annonces\/\">Honneurs et annonces<\/a><\/div><div class=\"post_body_wrapper cf\"><div class=\"post-snippet\"><p class=\"post-date\">23 avril 2019<\/p><p>Jean Charest incarne toutes les qualit\u00e9s d\u2019une personne au service de son pays, gr\u00e2ce \u00e0 son leadership, sa diplomatie et sa fiert\u00e9 comme canadien\u00a0!\u00a0 Jean a \u00e9t\u00e9 \u00e9lu pour la premi\u00e8re fois \u00e0 la Chambre des communes en 1984. Deux\u2026<\/p><a class=\"read-more\" href=\"https:\/\/exparl.ca\/fr\/nouvelles\/lhon-jean-charest-prix-pour-lensemble-de-ses-realisations-2019\/\">Lire plus<span class=\"screen-reader-text\"> L&rsquo;hon. Jean Charest &#8211; Prix pour l\u2019ensemble de ses r\u00e9alisations 2019<\/span><\/a><\/div><\/div><\/div><\/article>\n\t\n\t\t<article id=\"post-952\" class=\"entry-item news-category\"><div class=\"post-content cf\"><div class=\"post-header\"><h2 class=\"post-title\"><a href=\"https:\/\/exparl.ca\/fr\/nouvelles\/lhonorable-don-boudria-le-prix-de-reconnaissance-pour-services-exceptionnels-de-2018\/\">L\u2019honorable Don Boudria &#8211; Le Prix de reconnaissance pour services exceptionnels de 2018<\/a><\/h2><\/div><div class=\"taxonomy-list\"><a href=\"https:\/\/exparl.ca\/fr\/news-category\/honneurs-et-annonces\/\">Honneurs et annonces<\/a><\/div><div class=\"post_body_wrapper cf\"><div class=\"post-image\"><img loading=\"lazy\" decoding=\"async\" width=\"400\" height=\"400\" src=\"https:\/\/exparl.ca\/wp-content\/uploads\/2018\/10\/30183723127_0ab20d975f_o-1-400x400.jpg\" class=\"attachment-custom-featured-image\" alt=\"\" title=\"30183723127_0ab20d975f_o-(1)\" style=\"\" srcset=\"https:\/\/exparl.ca\/wp-content\/uploads\/2018\/10\/30183723127_0ab20d975f_o-1-400x400.jpg 400w, https:\/\/exparl.ca\/wp-content\/uploads\/2018\/10\/30183723127_0ab20d975f_o-1-150x150.jpg 150w, https:\/\/exparl.ca\/wp-content\/uploads\/2018\/10\/30183723127_0ab20d975f_o-1-300x300.jpg 300w, https:\/\/exparl.ca\/wp-content\/uploads\/2018\/10\/30183723127_0ab20d975f_o-1.jpg 469w\" sizes=\"auto, (max-width: 400px) 100vw, 400px\" \/><\/div><div class=\"post-snippet\"><p class=\"post-date\">17 mai 2018<\/p><p>Le Prix de reconnaissance pour services exceptionnels de\u00a02018 a \u00e9t\u00e9 remis \u00e0 l\u2019honorable\u00a0Don Boudria en reconnaissance de sa contribution \u00e0 la vie publique pendant qu\u2019il \u00e9tait en fonction, ainsi que de son int\u00e9r\u00eat et de son activit\u00e9 continus dans la\u2026<\/p><a class=\"read-more\" href=\"https:\/\/exparl.ca\/fr\/nouvelles\/lhonorable-don-boudria-le-prix-de-reconnaissance-pour-services-exceptionnels-de-2018\/\">Lire plus<span class=\"screen-reader-text\"> L\u2019honorable Don Boudria &#8211; Le Prix de reconnaissance pour services exceptionnels de 2018<\/span><\/a><\/div><\/div><\/div><\/article>\n\t\n\t\t<div class=\"wpb-content-wrapper\"><article id=\"post-814\" class=\"entry-item news-category\"><div class=\"post-content cf\"><div class=\"post-header\"><h2 class=\"post-title\"><a href=\"https:\/\/exparl.ca\/fr\/nouvelles\/prix-pour-lensemble-des-realisations\/\">Prix pour l\u2019ensemble des r\u00e9alisations<\/a><\/h2><\/div><div class=\"taxonomy-list\"><a href=\"https:\/\/exparl.ca\/fr\/news-category\/honneurs-et-annonces\/\">Honneurs et annonces<\/a><\/div><div class=\"post_body_wrapper cf\"><div class=\"post-snippet\"><p class=\"post-date\">17 mai 2018<\/p><p>[vc_row][vc_column][vc_column_text]Le 16 mai 2018, \u00e0 Toronto, l\u2019Association canadienne des ex-parlementaires (ACEP) a remis le Prix pour l\u2019ensemble des r\u00e9alisations \u00e0 l\u2019honorable Bob Rae \u00e0 l\u2019occasion d\u2019un d\u00eener de gala. D\u2019anciens coll\u00e8gues au Parlement du Canada et \u00e0 l\u2019Assembl\u00e9e l\u00e9gislative du\u2026<\/p><a class=\"read-more\" href=\"https:\/\/exparl.ca\/fr\/nouvelles\/prix-pour-lensemble-des-realisations\/\">Lire plus<span class=\"screen-reader-text\"> Prix pour l\u2019ensemble des r\u00e9alisations<\/span><\/a><\/div><\/div><\/div><\/article><\/div>\n\t\n<\/div>\n\t\n\t\n\t\n<\/div>\n[\/vc_column_text][\/vc_column_inner][vc_column_inner width=\u00a0\u00bb1\/3&Prime;][vc_wp_custommenu nav_menu=\u00a0\u00bb18&Prime; el_class=\u00a0\u00bbnews-sidebar\u00a0\u00bb][\/vc_column_inner][\/vc_row_inner][\/vc_column][\/vc_row]<\/p>\n<\/div>","protected":false},"excerpt":{"rendered":"<p>[vc_row el_class=\u00a0\u00bbpage_panel calling_panel\u00a0\u00bb css=\u00a0\u00bb.vc_custom_1525970347215{background-image: url(https:\/\/exparl.ca\/wp-content\/uploads\/2018\/05\/CAFP_WhoWeAre_02.jpg?id=154) !important;}\u00a0\u00bb][vc_column][vc_row_inner el_class=\u00a0\u00bbinner-container\u00a0\u00bb][vc_column_inner][vc_column_text]Nos membres sont des b\u00e2tisseurs communautaires, des experts en la mati\u00e8re et des leaders passionn\u00e9s. Nous sommes heureux de pr\u00e9senter leur travail dans la poursuite de la mission de l\u2019ACEP et pour leurs r\u00e9alisations exceptionnelles au sein des communaut\u00e9s qu&rsquo;ils desservent.[\/vc_column_text][\/vc_column_inner][\/vc_row_inner][\/vc_column][\/vc_row][vc_row el_class=\u00a0\u00bbpage_panel\u00a0\u00bb][vc_column][vc_row_inner el_class=\u00a0\u00bbinner-container\u00a0\u00bb][vc_column_inner width=\u00a0\u00bb2\/3&Prime;][vc_column_text] Introduction de notre nouveau pr\u00e9sident:&#8230;<\/p>\n","protected":false},"author":1,"featured_media":0,"parent":660,"menu_order":0,"comment_status":"closed","ping_status":"closed","template":"","meta":{"_acf_changed":false,"footnotes":""},"class_list":["post-672","page","type-page","status-publish","hentry"],"acf":[],"yoast_head":"<!-- This site is optimized with the Yoast SEO plugin v27.4 - https:\/\/yoast.com\/product\/yoast-seo-wordpress\/ -->\n<title>Honneurs et Annonces | Association canadienne des ex-parlementaires<\/title>\n<meta name=\"robots\" content=\"index, follow, max-snippet:-1, max-image-preview:large, max-video-preview:-1\" \/>\n<link rel=\"canonical\" href=\"https:\/\/exparl.ca\/fr\/nouvelles-des-membres\/honneurs-et-annonces\/\" \/>\n<meta property=\"og:locale\" content=\"fr_FR\" \/>\n<meta property=\"og:type\" content=\"article\" \/>\n<meta property=\"og:title\" content=\"Honneurs et Annonces | Association canadienne des ex-parlementaires\" \/>\n<meta property=\"og:description\" content=\"[vc_row el_class=\u00a0\u00bbpage_panel calling_panel\u00a0\u00bb css=\u00a0\u00bb.vc_custom_1525970347215{background-image: url(https:\/\/exparl.ca\/wp-content\/uploads\/2018\/05\/CAFP_WhoWeAre_02.jpg?id=154) !important;}\u00a0\u00bb][vc_column][vc_row_inner el_class=\u00a0\u00bbinner-container\u00a0\u00bb][vc_column_inner][vc_column_text]Nos membres sont des b\u00e2tisseurs communautaires, des experts en la mati\u00e8re et des leaders passionn\u00e9s. Nous sommes heureux de pr\u00e9senter leur travail dans la poursuite de la mission de l\u2019ACEP et pour leurs r\u00e9alisations exceptionnelles au sein des communaut\u00e9s qu&rsquo;ils desservent.[\/vc_column_text][\/vc_column_inner][\/vc_row_inner][\/vc_column][\/vc_row][vc_row el_class=\u00a0\u00bbpage_panel\u00a0\u00bb][vc_column][vc_row_inner el_class=\u00a0\u00bbinner-container\u00a0\u00bb][vc_column_inner width=\u00a0\u00bb2\/3&Prime;][vc_column_text] Introduction de notre nouveau pr\u00e9sident:...\" \/>\n<meta property=\"og:url\" content=\"https:\/\/exparl.ca\/fr\/nouvelles-des-membres\/honneurs-et-annonces\/\" \/>\n<meta property=\"og:site_name\" content=\"Association canadienne des ex-parlementaires\" \/>\n<meta property=\"article:modified_time\" content=\"2018-06-18T16:30:20+00:00\" \/>\n<meta name=\"twitter:card\" content=\"summary_large_image\" \/>\n<meta name=\"twitter:label1\" content=\"Dur\u00e9e de lecture estim\u00e9e\" \/>\n\t<meta name=\"twitter:data1\" content=\"1 minute\" \/>\n<script type=\"application\/ld+json\" class=\"yoast-schema-graph\">{\"@context\":\"https:\\\/\\\/schema.org\",\"@graph\":[{\"@type\":\"WebPage\",\"@id\":\"https:\\\/\\\/exparl.ca\\\/fr\\\/nouvelles-des-membres\\\/honneurs-et-annonces\\\/\",\"url\":\"https:\\\/\\\/exparl.ca\\\/fr\\\/nouvelles-des-membres\\\/honneurs-et-annonces\\\/\",\"name\":\"Honneurs et Annonces | Association canadienne des ex-parlementaires\",\"isPartOf\":{\"@id\":\"https:\\\/\\\/exparl.ca\\\/#website\"},\"datePublished\":\"2018-05-04T20:37:59+00:00\",\"dateModified\":\"2018-06-18T16:30:20+00:00\",\"breadcrumb\":{\"@id\":\"https:\\\/\\\/exparl.ca\\\/fr\\\/nouvelles-des-membres\\\/honneurs-et-annonces\\\/#breadcrumb\"},\"inLanguage\":\"fr-FR\",\"potentialAction\":[{\"@type\":\"ReadAction\",\"target\":[\"https:\\\/\\\/exparl.ca\\\/fr\\\/nouvelles-des-membres\\\/honneurs-et-annonces\\\/\"]}]},{\"@type\":\"BreadcrumbList\",\"@id\":\"https:\\\/\\\/exparl.ca\\\/fr\\\/nouvelles-des-membres\\\/honneurs-et-annonces\\\/#breadcrumb\",\"itemListElement\":[{\"@type\":\"ListItem\",\"position\":1,\"name\":\"Home\",\"item\":\"https:\\\/\\\/exparl.ca\\\/fr\\\/home\\\/\"},{\"@type\":\"ListItem\",\"position\":2,\"name\":\"Nouvelles des membres\",\"item\":\"https:\\\/\\\/exparl.ca\\\/fr\\\/nouvelles-des-membres\\\/\"},{\"@type\":\"ListItem\",\"position\":3,\"name\":\"Honneurs et Annonces\"}]},{\"@type\":\"WebSite\",\"@id\":\"https:\\\/\\\/exparl.ca\\\/#website\",\"url\":\"https:\\\/\\\/exparl.ca\\\/\",\"name\":\"Association canadienne des ex-parlementaires\",\"description\":\"Association canadienne des ex-parlementaires\",\"potentialAction\":[{\"@type\":\"SearchAction\",\"target\":{\"@type\":\"EntryPoint\",\"urlTemplate\":\"https:\\\/\\\/exparl.ca\\\/?s={search_term_string}\"},\"query-input\":{\"@type\":\"PropertyValueSpecification\",\"valueRequired\":true,\"valueName\":\"search_term_string\"}}],\"inLanguage\":\"fr-FR\"}]}<\/script>\n<!-- \/ Yoast SEO plugin. -->","yoast_head_json":{"title":"Honneurs et Annonces | Association canadienne des ex-parlementaires","robots":{"index":"index","follow":"follow","max-snippet":"max-snippet:-1","max-image-preview":"max-image-preview:large","max-video-preview":"max-video-preview:-1"},"canonical":"https:\/\/exparl.ca\/fr\/nouvelles-des-membres\/honneurs-et-annonces\/","og_locale":"fr_FR","og_type":"article","og_title":"Honneurs et Annonces | Association canadienne des ex-parlementaires","og_description":"[vc_row el_class=\u00a0\u00bbpage_panel calling_panel\u00a0\u00bb css=\u00a0\u00bb.vc_custom_1525970347215{background-image: url(https:\/\/exparl.ca\/wp-content\/uploads\/2018\/05\/CAFP_WhoWeAre_02.jpg?id=154) !important;}\u00a0\u00bb][vc_column][vc_row_inner el_class=\u00a0\u00bbinner-container\u00a0\u00bb][vc_column_inner][vc_column_text]Nos membres sont des b\u00e2tisseurs communautaires, des experts en la mati\u00e8re et des leaders passionn\u00e9s. Nous sommes heureux de pr\u00e9senter leur travail dans la poursuite de la mission de l\u2019ACEP et pour leurs r\u00e9alisations exceptionnelles au sein des communaut\u00e9s qu&rsquo;ils desservent.[\/vc_column_text][\/vc_column_inner][\/vc_row_inner][\/vc_column][\/vc_row][vc_row el_class=\u00a0\u00bbpage_panel\u00a0\u00bb][vc_column][vc_row_inner el_class=\u00a0\u00bbinner-container\u00a0\u00bb][vc_column_inner width=\u00a0\u00bb2\/3&Prime;][vc_column_text] Introduction de notre nouveau pr\u00e9sident:...","og_url":"https:\/\/exparl.ca\/fr\/nouvelles-des-membres\/honneurs-et-annonces\/","og_site_name":"Association canadienne des ex-parlementaires","article_modified_time":"2018-06-18T16:30:20+00:00","twitter_card":"summary_large_image","twitter_misc":{"Dur\u00e9e de lecture estim\u00e9e":"1 minute"},"schema":{"@context":"https:\/\/schema.org","@graph":[{"@type":"WebPage","@id":"https:\/\/exparl.ca\/fr\/nouvelles-des-membres\/honneurs-et-annonces\/","url":"https:\/\/exparl.ca\/fr\/nouvelles-des-membres\/honneurs-et-annonces\/","name":"Honneurs et Annonces | Association canadienne des ex-parlementaires","isPartOf":{"@id":"https:\/\/exparl.ca\/#website"},"datePublished":"2018-05-04T20:37:59+00:00","dateModified":"2018-06-18T16:30:20+00:00","breadcrumb":{"@id":"https:\/\/exparl.ca\/fr\/nouvelles-des-membres\/honneurs-et-annonces\/#breadcrumb"},"inLanguage":"fr-FR","potentialAction":[{"@type":"ReadAction","target":["https:\/\/exparl.ca\/fr\/nouvelles-des-membres\/honneurs-et-annonces\/"]}]},{"@type":"BreadcrumbList","@id":"https:\/\/exparl.ca\/fr\/nouvelles-des-membres\/honneurs-et-annonces\/#breadcrumb","itemListElement":[{"@type":"ListItem","position":1,"name":"Home","item":"https:\/\/exparl.ca\/fr\/home\/"},{"@type":"ListItem","position":2,"name":"Nouvelles des membres","item":"https:\/\/exparl.ca\/fr\/nouvelles-des-membres\/"},{"@type":"ListItem","position":3,"name":"Honneurs et Annonces"}]},{"@type":"WebSite","@id":"https:\/\/exparl.ca\/#website","url":"https:\/\/exparl.ca\/","name":"Association canadienne des ex-parlementaires","description":"Association canadienne des ex-parlementaires","potentialAction":[{"@type":"SearchAction","target":{"@type":"EntryPoint","urlTemplate":"https:\/\/exparl.ca\/?s={search_term_string}"},"query-input":{"@type":"PropertyValueSpecification","valueRequired":true,"valueName":"search_term_string"}}],"inLanguage":"fr-FR"}]}},"_links":{"self":[{"href":"https:\/\/exparl.ca\/fr\/wp-json\/wp\/v2\/pages\/672","targetHints":{"allow":["GET"]}}],"collection":[{"href":"https:\/\/exparl.ca\/fr\/wp-json\/wp\/v2\/pages"}],"about":[{"href":"https:\/\/exparl.ca\/fr\/wp-json\/wp\/v2\/types\/page"}],"author":[{"embeddable":true,"href":"https:\/\/exparl.ca\/fr\/wp-json\/wp\/v2\/users\/1"}],"replies":[{"embeddable":true,"href":"https:\/\/exparl.ca\/fr\/wp-json\/wp\/v2\/comments?post=672"}],"version-history":[{"count":0,"href":"https:\/\/exparl.ca\/fr\/wp-json\/wp\/v2\/pages\/672\/revisions"}],"up":[{"embeddable":true,"href":"https:\/\/exparl.ca\/fr\/wp-json\/wp\/v2\/pages\/660"}],"wp:attachment":[{"href":"https:\/\/exparl.ca\/fr\/wp-json\/wp\/v2\/media?parent=672"}],"curies":[{"name":"wp","href":"https:\/\/api.w.org\/{rel}","templated":true}]}}