{"id":713,"date":"2018-05-24T10:46:08","date_gmt":"2018-05-24T14:46:08","guid":{"rendered":"https:\/\/exparl.ca\/a-propos-de-nous\/membership-application\/"},"modified":"2026-03-12T11:47:37","modified_gmt":"2026-03-12T15:47:37","slug":"membership","status":"publish","type":"page","link":"https:\/\/exparl.ca\/fr\/a-propos-de-nous\/membership\/","title":{"rendered":"Adh\u00e9sion"},"content":{"rendered":"<div class=\"wpb-content-wrapper\"><p>[vc_row el_class=\u00a0\u00bbpage_panel panel_has_bg calling_panel\u00a0\u00bb css=\u00a0\u00bb.vc_custom_1525969163545{background-image: url(https:\/\/exparl.ca\/wp-content\/uploads\/2018\/05\/CAFP_WhoWeAre_02.jpg?id=154) !important;}\u00a0\u00bb][vc_column][vc_row_inner el_class=\u00a0\u00bbinner-container\u00a0\u00bb][vc_column_inner][vc_column_text]<\/p>\n<p style=\"font-weight: 400;\">Les anciens parlementaires et leurs conjoints sont encourag\u00e9s \u00e0 rester en contact avec la communaut\u00e9 dynamique des parlementaires en devenant membres actifs de l&rsquo;ACEP.<\/p>\n<p>[\/vc_column_text][\/vc_column_inner][\/vc_row_inner][\/vc_column][\/vc_row][vc_row el_class=\u00a0\u00bbpage_panel text_only_panel\u00a0\u00bb][vc_column][vc_row_inner el_class=\u00a0\u00bbinner-container\u00a0\u00bb][vc_column_inner][vc_column_text css=\u00a0\u00bb.vc_custom_1773328749852{border-radius: 10px !important;}\u00a0\u00bb]L&rsquo;adh\u00e9sion \u00e0 l&rsquo;Association canadienne des ex-parlementaires est ouverte \u00e0 tous les anciens s\u00e9nateurs et anciens d\u00e9put\u00e9s de la Chambre des communes. Les avantages de l&rsquo;adh\u00e9sion se trouvent <a href=\"https:\/\/exparl.ca\/wp-content\/uploads\/2026\/03\/Benefits-FR-2026-27.pdf\">ici.<\/a>\u00a0La cotisation annuelle de 125,00 $ (CAD) s&rsquo;applique \u00e0 une p\u00e9riode de 12 mois, du 1er avril au 31 mars. Les cotisations peuvent \u00eatre pay\u00e9es annuellement (par un paiement unique en ligne, ou par des paiements annuels r\u00e9currents en ligne), ou mensuellement. Le paiement mensuel comprend des frais de traitement.<\/p>\n<p>Les conjoints d&rsquo;anciens parlementaires, qu&rsquo;ils soient membres actuels de l&rsquo;Association ou d\u00e9c\u00e9d\u00e9s, peuvent \u00e9galement devenir membres associ\u00e9s. La cotisation annuelle de 50,00 $ (CAD) de membres associ\u00e9s s&rsquo;applique \u00e0 une p\u00e9riode de 12 mois, du 1er avril au 31 mars, et permet de b\u00e9n\u00e9ficier de la plupart des m\u00eames droits et privil\u00e8ges que les membres. Les cotisations peuvent \u00eatre pay\u00e9es annuellement (par un paiement unique en ligne, ou par des paiements annuels r\u00e9currents en ligne).[\/vc_column_text][\/vc_column_inner][\/vc_row_inner][\/vc_column][\/vc_row][vc_row][vc_column][vc_row_inner el_class=\u00a0\u00bbinner-container\u00a0\u00bb][vc_column_inner][vc_custom_heading text=\u00a0\u00bbOptions de paiement r\u00e9current en ligne\u00a0\u00bb font_container=\u00a0\u00bbtag:h2|text_align:center\u00a0\u00bb use_theme_fonts=\u00a0\u00bbyes\u00a0\u00bb][vc_raw_html]JTNDdGFibGUlMjBjbGFzcyUzRCUyMm1lbWJlcnNoaXBfdGFibGUlMjIlM0UlMEElMjAlMjAlM0N0Ym9keSUzRSUwQSUyMCUyMCUyMCUyMCUzQ3RyJTNFJTBBJTIwJTIwJTIwJTIwJTIwJTIwJTNDdGQlM0UlM0NzdHJvbmclM0VPcHRpb24lMjAxJTNBJTNDJTJGc3Ryb25nJTNFJTIwUGFpZW1lbnQlMjByJUMzJUE5Y3VycmVudCUyMGRlcyUyMGNvdGlzYXRpb25zJTIwZCUyN2FkaCVDMyVBOXNpb24lMjBkZXMlMjBtZW1icmVzLiUyMCUzQ2JyJTJGJTNFU2VyYSUyMGZhY3R1ciVDMyVBOSUyMGF1dG9tYXRpcXVlbWVudCUyMGNoYXF1ZSUyMGFubiVDMyVBOWUuJTIwJTI4MTI1JTJDMDAlMjAlMjQlMjklM0MlMkZ0ZCUzRSUwQSUyMCUyMCUyMCUyMCUyMCUyMCUzQ3RkJTNFJTNDc3Ryb25nJTNFVG90YWwlM0ElMjAxMjUlMkMwMCUyMCUyNCUyMENBRCUzQyUyRnN0cm9uZyUzRSUzQyUyRnRkJTNFJTBBJTIwJTIwJTIwJTIwJTIwJTIwJTNDdGQlM0UlM0NhJTIwaHJlZiUzRCUyMmh0dHBzJTNBJTJGJTJGYnV5LnN0cmlwZS5jb20lMkY1a1FlVjZnNDdhaVE3Q2hmdjFhUjIwayUyMiUyMHRhcmdldCUzRCUyMl9ibGFuayUyMiUzRVBheWV6JTIwbGVzJTIwZnJhaXMlMjBkJTI3YWRoJUMzJUE5c2lvbiUzQyUyRmElM0UlM0MlMkZ0ZCUzRSUwQSUyMCUyMCUyMCUyMCUzQyUyRnRyJTNFJTBBJTIwJTIwJTIwJTIwJTNDdHIlM0UlMEElMjAlMjAlMjAlMjAlMjAlMjAlMjAlMjAlM0N0ZCUzRSUzQ3N0cm9uZyUzRU9wdGlvbiUyMDIlM0ElM0MlMkZzdHJvbmclM0UlMjBQYWllbWVudCUyMHIlQzMlQTljdXJyZW50JTIwZGVzJTIwY290aXNhdGlvbnMlMjBkJTI3YWRoJUMzJUE5c2lvbiUyMGRlcyUyMG1lbWJyZXMlMjBldCUyMGRlcyUyMG1lbWJyZXMlMjBhc3NvY2klQzMlQTlzLiUyMCUzQ2JyJTJGJTNFU2VyYSUyMGZhY3R1ciVDMyVBOSUyMGF1dG9tYXRpcXVlbWVudCUyMGNoYXF1ZSUyMGFubiVDMyVBOWUuJTI4MTI1JTJDMDAlMjAlMjQlMjAlMkIlMjA1MCUyQzAwJTIwJTI0JTI5JTNDJTJGdGQlM0UlMEElMjAlMjAlMjAlMjAlMjAlMjAlM0N0ZCUzRSUzQ3N0cm9uZyUzRVRvdGFsJTNBJTIwMTc1LjAwJTIwJTI0JTIwQ0FEJTNDJTJGc3Ryb25nJTNFJTNDJTJGdGQlM0UlMEElMjAlMjAlMjAlMjAlMjAlMjAlM0N0ZCUzRSUzQ2ElMjBocmVmJTNEJTIyaHR0cHMlM0ElMkYlMkZidXkuc3RyaXBlLmNvbSUyRjRnTWJJVTJkaDNVczhHbGd6NWFSMjBsJTIyJTIwdGFyZ2V0JTNEJTIyX2JsYW5rJTIyJTNFUGF5ZXolMjBsZXMlMjBmcmFpcyUyMGQlMjdhZGglQzMlQTlzaW9uJTNDJTJGYSUzRSUzQyUyRnRkJTNFJTBBJTIwJTIwJTIwJTIwJTNDJTJGdHIlM0UlMEElM0N0ciUzRSUwQSUyMCUyMCUyMCUyMCUyMCUyMCUzQ3RkJTNFJTNDc3Ryb25nJTNFT3B0aW9uJTIwMyUzQSUzQyUyRnN0cm9uZyUzRSUyMFBhaWVtZW50JTIwciVDMyVBOWN1cnJlbnQlMjBkZXMlMjBjb3Rpc2F0aW9ucyUyMGQlMjdhZGglQzMlQTlzaW9uJTIwZGVzJTIwbWVtYnJlcyUyMGFzc29jaSVDMyVBOXMuJTIwJTNDYnIlMkYlM0VTZXJhJTIwZmFjdHVyJUMzJUE5JTIwYXV0b21hdGlxdWVtZW50JTIwY2hhcXVlJTIwYW5uJUMzJUE5ZS4lMjAlMjg1MCUyQzAwJTIwJTI0JTI5JTIwJTNDJTJGdGQlM0UlMEElMjAlMjAlMjAlMjAlMjAlMjAlM0N0ZCUzRSUzQ3N0cm9uZyUzRVRvdGFsJTNBJTIwNTAlMkMwMCUyMCUyNCUyMENBRCUzQyUyRnN0cm9uZyUzRSUzQyUyRnRkJTNFJTBBJTIwJTIwJTIwJTIwJTIwJTIwJTNDdGQlM0UlM0NhJTIwaHJlZiUzRCUyMmh0dHBzJTNBJTJGJTJGYnV5LnN0cmlwZS5jb20lMkY3c1k4d0k3eEJibVU5S3BjaVBhUjIwbSUyMiUyMHRhcmdldCUzRCUyMl9ibGFuayUyMiUzRVBheWV6JTIwbGVzJTIwZnJhaXMlMjBkJTI3YWRoJUMzJUE5c2lvbiUzQyUyRmElM0UlM0MlMkZ0ZCUzRSUwQSUyMCUyMCUyMCUyMCUzQyUyRnRyJTNFJTBBJTIwJTIwJTNDJTJGdGJvZHklM0UlMEElM0MlMkZ0YWJsZSUzRQ==[\/vc_raw_html][vc_empty_space][vc_custom_heading text=\u00a0\u00bbOptions de paiement unique en ligne\u00a0\u00bb font_container=\u00a0\u00bbtag:h2|text_align:center\u00a0\u00bb use_theme_fonts=\u00a0\u00bbyes\u00a0\u00bb][vc_raw_html]JTNDdGFibGUlMjBjbGFzcyUzRCUyMm1lbWJlcnNoaXBfdGFibGUlMjIlM0UlMEElMjAlMjAlM0N0Ym9keSUzRSUwQSUyMCUyMCUyMCUyMCUzQ3RyJTNFJTBBJTIwJTIwJTIwJTIwJTIwJTIwJTNDdGQlM0UlM0NzdHJvbmclM0VPcHRpb24lMjAxJTNBJTIwJTNDJTJGc3Ryb25nJTNFJTIwUGFpZW1lbnQlMjB1bmlxdWUlMjBkZXMlMjBjb3Rpc2F0aW9ucyUyMGQlMjdhZGglQzMlQTlzaW9uJTIwZGVzJTIwbWVtYnJlcy4lMjAlMjgxMjUlMkMwMCUyMCUyNCUyOSUzQyUyRnRkJTNFJTBBJTIwJTIwJTIwJTIwJTIwJTIwJTNDdGQlM0UlM0NzdHJvbmclM0VUb3RhbCUzQSUyMDEyNSUyQzAwJTIwJTI0JTIwQ0FEJTNDJTJGc3Ryb25nJTNFJTNDJTJGdGQlM0UlMEElMjAlMjAlMjAlMjAlMjAlMjAlM0N0ZCUzRSUzQ2ElMjBocmVmJTNEJTIyaHR0cHMlM0ElMkYlMkZidXkuc3RyaXBlLmNvbSUyRjRnTTAwYzE5ZDFNazdDaGVxWGFSMjBuJTIyJTNFUGF5ZXolMjBsZXMlMjBmcmFpcyUyMGQlMjdhZGglQzMlQTlzaW9uJTNDJTJGYSUzRSUzQyUyRnRkJTNFJTBBJTIwJTIwJTIwJTIwJTIwJTIwJTNDJTJGdHIlM0UlMEElMjAlMjAlMjAlMjAlM0N0ciUzRSUwQSUyMCUyMCUyMCUyMCUyMCUyMCUzQ3RkJTNFJTNDc3Ryb25nJTNFT3B0aW9uJTIwMiUzQSUyMCUzQyUyRnN0cm9uZyUzRSUyMFBhaWVtZW50JTIwdW5pcXVlJTIwZGVzJTIwY290aXNhdGlvbnMlMjBkZXMlMjBtZW1icmVzJTIwZXQlMjBkZXMlMjBtZW1icmVzJTIwYXNzb2NpJUMzJUE5cy4lMjAlM0NiciUyRiUzRSUyODEyNSUyQzAwJTIwJTI0JTIwJTJCJTIwNTAlMkMwMCUyMCUyNCUyOSUzQyUyRnRkJTNFJTBBJTIwJTIwJTIwJTIwJTIwJTIwJTNDdGQlM0UlM0NzdHJvbmclM0VUb3RhbCUzQSUyMDE3NSUyQzAwJTIwJTI0JTIwQ0FEJTNDJTJGc3Ryb25nJTNFJTNDJTJGdGQlM0UlMEElMjAlMjAlMjAlMjAlMjAlMjAlM0N0ZCUzRSUzQ2ElMjBocmVmJTNEJTIyaHR0cHMlM0ElMkYlMkZidXkuc3RyaXBlLmNvbSUyRjVrUTI4a2RWWmFpUTJoWGZ2MWFSMjBvJTIyJTNFUGF5ZXolMjBsZXMlMjBmcmFpcyUyMGQlMjdhZGglQzMlQTlzaW9uJTNDJTJGYSUzRSUzQyUyRnRkJTNFJTBBJTIwJTIwJTIwJTIwJTNDJTJGdHIlM0UlMEElMjAlMjAlMjAlMjAlM0N0ciUzRSUwQSUyMCUyMCUyMCUyMCUyMCUyMCUzQ3RkJTNFJTNDc3Ryb25nJTNFT3B0aW9uJTIwMyUzQSUyMCUzQyUyRnN0cm9uZyUzRSUyMFBhaWVtZW50JTIwdW5pcXVlJTIwZGVzJTIwY290aXNhdGlvbnMlMjBkZXMlMjBtZW1icmVzJTIwYXNzb2NpJUMzJUE5cy4lMjAlMjg1MCUyQzAwJTIwJTI0JTI5JTBBJTIwJTIwJTIwJTIwJTIwJTIwJTNDdGQlM0UlM0NzdHJvbmclM0VUb3RhbCUzQSUyMDUwJTJDMDAlMjAlMjQlMjBDQUQlM0MlMkZzdHJvbmclM0UlM0MlMkZ0ZCUzRSUwQSUyMCUyMCUyMCUyMCUyMCUyMCUzQ3RkJTNFJTNDYSUyMGhyZWYlM0QlMjJodHRwcyUzQSUyRiUyRmJ1eS5zdHJpcGUuY29tJTJGYUZhNGdzOUZKOWVNN0NoMUViYVIyMHElMjIlMjB0YXJnZXQlM0QlMjJfYmxhbmslMjIlM0VQYXlleiUyMGxlcyUyMGZyYWlzJTIwZCUyN2FkaCVDMyVBOXNpb24lM0MlMkZhJTNFJTNDJTJGdGQlM0UlMEElMjAlMjAlMjAlMjAlM0MlMkZ0ciUzRSUwQSUyMCUyMCUzQyUyRnRib2R5JTNFJTBBJTNDJTJGdGFibGUlM0U=[\/vc_raw_html][vc_empty_space][vc_custom_heading text=\u00a0\u00bbOptions de paiement mensuel r\u00e9current en ligne<br \/>\n(Le paiement mensuel comprend des frais de traitement)\u00a0\u00bb font_container=\u00a0\u00bbtag:h2|text_align:center\u00a0\u00bb use_theme_fonts=\u00a0\u00bbyes\u00a0\u00bb][vc_raw_html]JTNDdGFibGUlMjBjbGFzcyUzRCUyMm1lbWJlcnNoaXBfdGFibGUlMjIlM0UlMEElMjAlMjAlM0N0Ym9keSUzRSUwQSUyMCUyMCUyMCUyMCUyMCUyMCUzQ3RkJTNFJTNDc3Ryb25nJTNFT3B0aW9uJTIwMSUzQSUzQyUyRnN0cm9uZyUzRSUyMFBhaWVtZW50JTIwbWVuc3VlbCUyMGRlcyUyMGNvdGlzYXRpb25zJTIwZCUyN2FkaCVDMyVBOXNpb24lMjBkZXMlMjBtZW1icmVzLiUyMCUyODExJTJDNjclMjAlMjQlMjAlMkYlMjBtb2lzJTI5JTIwJTNDJTJGdGQlM0UlMEElMjAlMjAlMjAlMjAlMjAlMjAlM0N0ZCUzRSUzQ3N0cm9uZyUzRVRvdGFsJTNBJTIwMTQwJTJDMDAlMjQlMjBDQUQlM0MlMkZzdHJvbmclM0UlM0MlMkZ0ZCUzRSUwQSUyMCUyMCUyMCUyMCUyMCUyMCUzQ3RkJTNFJTNDYSUyMGhyZWYlM0QlMjJodHRwcyUzQSUyRiUyRmJ1eS5zdHJpcGUuY29tJTJGOHgyY01ZMTlkZHYyNHE1YWFIYVIyMHIlMjIlMjB0YXJnZXQlM0QlMjJfYmxhbmslMjIlM0VQYXlleiUyMGxlcyUyMGZyYWlzJTIwZCUyN2FkaCVDMyVBOXNpb24lM0MlMkZhJTNFJTNDJTJGdGQlM0UlMEElMjAlMjAlMjAlMjAlM0MlMkZ0ciUzRSUwQSUyMCUyMCUyMCUyMCUzQ3RyJTNFJTBBJTIwJTIwJTIwJTIwJTIwJTIwJTNDdGQlM0UlM0NzdHJvbmclM0VPcHRpb24lMjAyJTNBJTNDJTJGc3Ryb25nJTNFJTIwUGFpZW1lbnQlMjBtZW5zdWVsJTIwZGVzJTIwY290aXNhdGlvbnMlMjBkJTI3YWRoJUMzJUE5c2lvbiUyMGRlcyUyMG1lbWJyZXMlMjBldCUyMGRlcyUyMG1lbWJyZXMlMjBhc3NvY2klQzMlQTlzLiUyMCUzQ2JyJTJGJTNFJTI4MTUlMkM4MyUyMCUyNCUyMCUyRiUyMG1vaXMlMjklM0MlMkZ0ZCUzRSUwQSUyMCUyMCUyMCUyMCUyMCUyMCUzQ3RkJTNFJTNDc3Ryb25nJTNFVG90YWwlM0ElMjAxOTAlMkMwMCUyNCUyMENBRCUzQyUyRnN0cm9uZyUzRSUzQyUyRnRkJTNFJTBBJTIwJTIwJTIwJTIwJTIwJTIwJTNDdGQlM0UlM0NhJTIwaHJlZiUzRCUyMmh0dHBzJTNBJTJGJTJGYnV5LnN0cmlwZS5jb20lMkY5QjZlVjZhSk5nSGU5S3A2WXZhUjIwcyUyMiUyMHRhcmdldCUzRCUyMl9ibGFuayUyMiUzRVBheWV6JTIwbGVzJTIwZnJhaXMlMjBkJTI3YWRoJUMzJUE5c2lvbiUzQyUyRmElM0UlM0MlMkZ0ZCUzRSUwQSUyMCUyMCUyMCUyMCUzQyUyRnRyJTNFJTBBJTIwJTIwJTNDJTJGdGJvZHklM0UlMEElM0MlMkZ0YWJsZSUzRQ==[\/vc_raw_html][\/vc_column_inner][\/vc_row_inner][\/vc_column][\/vc_row][vc_row][vc_column][vc_row_inner el_class=\u00a0\u00bbinner-container\u00a0\u00bb][vc_column_inner][vc_column_text]<strong>Virement Interac:<\/strong>\u00a0 Si vous pr\u00e9f\u00e9rez utiliser la banque en ligne, vous pouvez ajouter l&rsquo;ACEP comme b\u00e9n\u00e9ficiaire. Veuillez envoyer le virement \u00e9lectronique Interac \u00e0 notre adresse courriel <a href=\"mailto:exparl@parl.gc.ca\">exparl@parl.gc.ca\u00a0<\/a>.<\/p>\n<p><strong>Par Ch\u00e8que: <\/strong>Payable \u00e0 l&rsquo;ordre de l&rsquo;ACEP et envoy\u00e9 \u00e0 cette adresse :<\/p>\n<p style=\"text-align: left;\"><strong>Association canadienne des ex-parlementaires<\/strong><br \/>\nC.P. 1<br \/>\n131, rue Queen, pi\u00e8ce 5-50<br \/>\n\u00c9difices du Parlement<br \/>\nOttawa ON<br \/>\nK1A 0A6<\/p>\n<p>[\/vc_column_text][vc_empty_space][\/vc_column_inner][\/vc_row_inner][\/vc_column][\/vc_row]<\/p>\n<\/div>","protected":false},"excerpt":{"rendered":"<p>[vc_row el_class=\u00a0\u00bbpage_panel panel_has_bg calling_panel\u00a0\u00bb css=\u00a0\u00bb.vc_custom_1525969163545{background-image: url(https:\/\/exparl.ca\/wp-content\/uploads\/2018\/05\/CAFP_WhoWeAre_02.jpg?id=154) !important;}\u00a0\u00bb][vc_column][vc_row_inner el_class=\u00a0\u00bbinner-container\u00a0\u00bb][vc_column_inner][vc_column_text] Les anciens parlementaires et leurs conjoints sont encourag\u00e9s \u00e0 rester en contact avec la communaut\u00e9 dynamique des parlementaires en devenant membres actifs de l&rsquo;ACEP. [\/vc_column_text][\/vc_column_inner][\/vc_row_inner][\/vc_column][\/vc_row][vc_row el_class=\u00a0\u00bbpage_panel text_only_panel\u00a0\u00bb][vc_column][vc_row_inner el_class=\u00a0\u00bbinner-container\u00a0\u00bb][vc_column_inner][vc_column_text css=\u00a0\u00bb.vc_custom_1773328749852{border-radius: 10px !important;}\u00a0\u00bb]L&rsquo;adh\u00e9sion \u00e0 l&rsquo;Association canadienne des ex-parlementaires est ouverte \u00e0 tous les anciens s\u00e9nateurs et anciens d\u00e9put\u00e9s de&#8230;<\/p>\n","protected":false},"author":1,"featured_media":0,"parent":598,"menu_order":0,"comment_status":"closed","ping_status":"closed","template":"","meta":{"_acf_changed":false,"footnotes":""},"class_list":["post-713","page","type-page","status-publish","hentry"],"acf":[],"yoast_head":"<!-- This site is optimized with the Yoast SEO plugin v27.4 - https:\/\/yoast.com\/product\/yoast-seo-wordpress\/ -->\n<title>Adh\u00e9sion | Association canadienne des ex-parlementaires<\/title>\n<meta name=\"robots\" content=\"index, follow, max-snippet:-1, max-image-preview:large, max-video-preview:-1\" \/>\n<link rel=\"canonical\" href=\"https:\/\/exparl.ca\/fr\/a-propos-de-nous\/membership\/\" \/>\n<meta property=\"og:locale\" content=\"fr_FR\" \/>\n<meta property=\"og:type\" content=\"article\" \/>\n<meta property=\"og:title\" content=\"Adh\u00e9sion | Association canadienne des ex-parlementaires\" \/>\n<meta property=\"og:description\" content=\"[vc_row el_class=\u00a0\u00bbpage_panel panel_has_bg calling_panel\u00a0\u00bb css=\u00a0\u00bb.vc_custom_1525969163545{background-image: url(https:\/\/exparl.ca\/wp-content\/uploads\/2018\/05\/CAFP_WhoWeAre_02.jpg?id=154) !important;}\u00a0\u00bb][vc_column][vc_row_inner el_class=\u00a0\u00bbinner-container\u00a0\u00bb][vc_column_inner][vc_column_text] Les anciens parlementaires et leurs conjoints sont encourag\u00e9s \u00e0 rester en contact avec la communaut\u00e9 dynamique des parlementaires en devenant membres actifs de l&rsquo;ACEP. [\/vc_column_text][\/vc_column_inner][\/vc_row_inner][\/vc_column][\/vc_row][vc_row el_class=\u00a0\u00bbpage_panel text_only_panel\u00a0\u00bb][vc_column][vc_row_inner el_class=\u00a0\u00bbinner-container\u00a0\u00bb][vc_column_inner][vc_column_text css=\u00a0\u00bb.vc_custom_1773328749852{border-radius: 10px !important;}\u00a0\u00bb]L&rsquo;adh\u00e9sion \u00e0 l&rsquo;Association canadienne des ex-parlementaires est ouverte \u00e0 tous les anciens s\u00e9nateurs et anciens d\u00e9put\u00e9s de...\" \/>\n<meta property=\"og:url\" content=\"https:\/\/exparl.ca\/fr\/a-propos-de-nous\/membership\/\" \/>\n<meta property=\"og:site_name\" content=\"Association canadienne des ex-parlementaires\" \/>\n<meta property=\"article:modified_time\" content=\"2026-03-12T15:47:37+00:00\" \/>\n<meta name=\"twitter:card\" content=\"summary_large_image\" \/>\n<meta name=\"twitter:label1\" content=\"Dur\u00e9e de lecture estim\u00e9e\" \/>\n\t<meta name=\"twitter:data1\" content=\"2 minutes\" \/>\n<script type=\"application\/ld+json\" class=\"yoast-schema-graph\">{\"@context\":\"https:\\\/\\\/schema.org\",\"@graph\":[{\"@type\":\"WebPage\",\"@id\":\"https:\\\/\\\/exparl.ca\\\/fr\\\/a-propos-de-nous\\\/membership\\\/\",\"url\":\"https:\\\/\\\/exparl.ca\\\/fr\\\/a-propos-de-nous\\\/membership\\\/\",\"name\":\"Adh\u00e9sion | Association canadienne des ex-parlementaires\",\"isPartOf\":{\"@id\":\"https:\\\/\\\/exparl.ca\\\/#website\"},\"datePublished\":\"2018-05-24T14:46:08+00:00\",\"dateModified\":\"2026-03-12T15:47:37+00:00\",\"breadcrumb\":{\"@id\":\"https:\\\/\\\/exparl.ca\\\/fr\\\/a-propos-de-nous\\\/membership\\\/#breadcrumb\"},\"inLanguage\":\"fr-FR\",\"potentialAction\":[{\"@type\":\"ReadAction\",\"target\":[\"https:\\\/\\\/exparl.ca\\\/fr\\\/a-propos-de-nous\\\/membership\\\/\"]}]},{\"@type\":\"BreadcrumbList\",\"@id\":\"https:\\\/\\\/exparl.ca\\\/fr\\\/a-propos-de-nous\\\/membership\\\/#breadcrumb\",\"itemListElement\":[{\"@type\":\"ListItem\",\"position\":1,\"name\":\"Home\",\"item\":\"https:\\\/\\\/exparl.ca\\\/fr\\\/home\\\/\"},{\"@type\":\"ListItem\",\"position\":2,\"name\":\"\u00c0 propos de nous\",\"item\":\"https:\\\/\\\/exparl.ca\\\/fr\\\/a-propos-de-nous\\\/\"},{\"@type\":\"ListItem\",\"position\":3,\"name\":\"Adh\u00e9sion\"}]},{\"@type\":\"WebSite\",\"@id\":\"https:\\\/\\\/exparl.ca\\\/#website\",\"url\":\"https:\\\/\\\/exparl.ca\\\/\",\"name\":\"Association canadienne des ex-parlementaires\",\"description\":\"Association canadienne des ex-parlementaires\",\"potentialAction\":[{\"@type\":\"SearchAction\",\"target\":{\"@type\":\"EntryPoint\",\"urlTemplate\":\"https:\\\/\\\/exparl.ca\\\/?s={search_term_string}\"},\"query-input\":{\"@type\":\"PropertyValueSpecification\",\"valueRequired\":true,\"valueName\":\"search_term_string\"}}],\"inLanguage\":\"fr-FR\"}]}<\/script>\n<!-- \/ Yoast SEO plugin. -->","yoast_head_json":{"title":"Adh\u00e9sion | Association canadienne des ex-parlementaires","robots":{"index":"index","follow":"follow","max-snippet":"max-snippet:-1","max-image-preview":"max-image-preview:large","max-video-preview":"max-video-preview:-1"},"canonical":"https:\/\/exparl.ca\/fr\/a-propos-de-nous\/membership\/","og_locale":"fr_FR","og_type":"article","og_title":"Adh\u00e9sion | Association canadienne des ex-parlementaires","og_description":"[vc_row el_class=\u00a0\u00bbpage_panel panel_has_bg calling_panel\u00a0\u00bb css=\u00a0\u00bb.vc_custom_1525969163545{background-image: url(https:\/\/exparl.ca\/wp-content\/uploads\/2018\/05\/CAFP_WhoWeAre_02.jpg?id=154) !important;}\u00a0\u00bb][vc_column][vc_row_inner el_class=\u00a0\u00bbinner-container\u00a0\u00bb][vc_column_inner][vc_column_text] Les anciens parlementaires et leurs conjoints sont encourag\u00e9s \u00e0 rester en contact avec la communaut\u00e9 dynamique des parlementaires en devenant membres actifs de l&rsquo;ACEP. [\/vc_column_text][\/vc_column_inner][\/vc_row_inner][\/vc_column][\/vc_row][vc_row el_class=\u00a0\u00bbpage_panel text_only_panel\u00a0\u00bb][vc_column][vc_row_inner el_class=\u00a0\u00bbinner-container\u00a0\u00bb][vc_column_inner][vc_column_text css=\u00a0\u00bb.vc_custom_1773328749852{border-radius: 10px !important;}\u00a0\u00bb]L&rsquo;adh\u00e9sion \u00e0 l&rsquo;Association canadienne des ex-parlementaires est ouverte \u00e0 tous les anciens s\u00e9nateurs et anciens d\u00e9put\u00e9s de...","og_url":"https:\/\/exparl.ca\/fr\/a-propos-de-nous\/membership\/","og_site_name":"Association canadienne des ex-parlementaires","article_modified_time":"2026-03-12T15:47:37+00:00","twitter_card":"summary_large_image","twitter_misc":{"Dur\u00e9e de lecture estim\u00e9e":"2 minutes"},"schema":{"@context":"https:\/\/schema.org","@graph":[{"@type":"WebPage","@id":"https:\/\/exparl.ca\/fr\/a-propos-de-nous\/membership\/","url":"https:\/\/exparl.ca\/fr\/a-propos-de-nous\/membership\/","name":"Adh\u00e9sion | Association canadienne des ex-parlementaires","isPartOf":{"@id":"https:\/\/exparl.ca\/#website"},"datePublished":"2018-05-24T14:46:08+00:00","dateModified":"2026-03-12T15:47:37+00:00","breadcrumb":{"@id":"https:\/\/exparl.ca\/fr\/a-propos-de-nous\/membership\/#breadcrumb"},"inLanguage":"fr-FR","potentialAction":[{"@type":"ReadAction","target":["https:\/\/exparl.ca\/fr\/a-propos-de-nous\/membership\/"]}]},{"@type":"BreadcrumbList","@id":"https:\/\/exparl.ca\/fr\/a-propos-de-nous\/membership\/#breadcrumb","itemListElement":[{"@type":"ListItem","position":1,"name":"Home","item":"https:\/\/exparl.ca\/fr\/home\/"},{"@type":"ListItem","position":2,"name":"\u00c0 propos de nous","item":"https:\/\/exparl.ca\/fr\/a-propos-de-nous\/"},{"@type":"ListItem","position":3,"name":"Adh\u00e9sion"}]},{"@type":"WebSite","@id":"https:\/\/exparl.ca\/#website","url":"https:\/\/exparl.ca\/","name":"Association canadienne des ex-parlementaires","description":"Association canadienne des ex-parlementaires","potentialAction":[{"@type":"SearchAction","target":{"@type":"EntryPoint","urlTemplate":"https:\/\/exparl.ca\/?s={search_term_string}"},"query-input":{"@type":"PropertyValueSpecification","valueRequired":true,"valueName":"search_term_string"}}],"inLanguage":"fr-FR"}]}},"_links":{"self":[{"href":"https:\/\/exparl.ca\/fr\/wp-json\/wp\/v2\/pages\/713","targetHints":{"allow":["GET"]}}],"collection":[{"href":"https:\/\/exparl.ca\/fr\/wp-json\/wp\/v2\/pages"}],"about":[{"href":"https:\/\/exparl.ca\/fr\/wp-json\/wp\/v2\/types\/page"}],"author":[{"embeddable":true,"href":"https:\/\/exparl.ca\/fr\/wp-json\/wp\/v2\/users\/1"}],"replies":[{"embeddable":true,"href":"https:\/\/exparl.ca\/fr\/wp-json\/wp\/v2\/comments?post=713"}],"version-history":[{"count":0,"href":"https:\/\/exparl.ca\/fr\/wp-json\/wp\/v2\/pages\/713\/revisions"}],"up":[{"embeddable":true,"href":"https:\/\/exparl.ca\/fr\/wp-json\/wp\/v2\/pages\/598"}],"wp:attachment":[{"href":"https:\/\/exparl.ca\/fr\/wp-json\/wp\/v2\/media?parent=713"}],"curies":[{"name":"wp","href":"https:\/\/api.w.org\/{rel}","templated":true}]}}